{"id":2999,"date":"2025-01-10T11:42:00","date_gmt":"2025-01-10T11:42:00","guid":{"rendered":"https:\/\/quiroesencia.com\/?page_id=2999"},"modified":"2026-04-15T12:26:14","modified_gmt":"2026-04-15T10:26:14","slug":"price-list","status":"publish","type":"page","link":"https:\/\/quiroesencia.com\/en\/tarifa-de-precios\/","title":{"rendered":"Price List"},"content":{"rendered":"","protected":false},"excerpt":{"rendered":"","protected":false},"author":1,"featured_media":577,"parent":0,"menu_order":0,"comment_status":"closed","ping_status":"closed","template":"","meta":{"site-sidebar-layout":"default","site-content-layout":"","ast-site-content-layout":"","site-content-style":"default","site-sidebar-style":"default","ast-global-header-display":"","ast-banner-title-visibility":"","ast-main-header-display":"","ast-hfb-above-header-display":"","ast-hfb-below-header-display":"","ast-hfb-mobile-header-display":"","site-post-title":"disabled","ast-breadcrumbs-content":"","ast-featured-img":"disabled","footer-sml-layout":"","ast-disable-related-posts":"","theme-transparent-header-meta":"","adv-header-id-meta":"","stick-header-meta":"","header-above-stick-meta":"","header-main-stick-meta":"","header-below-stick-meta":"","astra-migrate-meta-layouts":"default","ast-page-background-enabled":"default","ast-page-background-meta":{"desktop":{"background-color":"var(--ast-global-color-4)","background-image":"","background-repeat":"repeat","background-position":"center center","background-size":"auto","background-attachment":"scroll","background-type":"","background-media":"","overlay-type":"","overlay-color":"","overlay-opacity":"","overlay-gradient":""},"tablet":{"background-color":"","background-image":"","background-repeat":"repeat","background-position":"center center","background-size":"auto","background-attachment":"scroll","background-type":"","background-media":"","overlay-type":"","overlay-color":"","overlay-opacity":"","overlay-gradient":""},"mobile":{"background-color":"","background-image":"","background-repeat":"repeat","background-position":"center center","background-size":"auto","background-attachment":"scroll","background-type":"","background-media":"","overlay-type":"","overlay-color":"","overlay-opacity":"","overlay-gradient":""}},"ast-content-background-meta":{"desktop":{"background-color":"var(--ast-global-color-5)","background-image":"","background-repeat":"repeat","background-position":"center center","background-size":"auto","background-attachment":"scroll","background-type":"","background-media":"","overlay-type":"","overlay-color":"","overlay-opacity":"","overlay-gradient":""},"tablet":{"background-color":"var(--ast-global-color-5)","background-image":"","background-repeat":"repeat","background-position":"center center","background-size":"auto","background-attachment":"scroll","background-type":"","background-media":"","overlay-type":"","overlay-color":"","overlay-opacity":"","overlay-gradient":""},"mobile":{"background-color":"var(--ast-global-color-5)","background-image":"","background-repeat":"repeat","background-position":"center center","background-size":"auto","background-attachment":"scroll","background-type":"","background-media":"","overlay-type":"","overlay-color":"","overlay-opacity":"","overlay-gradient":""}},"_joinchat":[],"footnotes":""},"class_list":["post-2999","page","type-page","status-publish","has-post-thumbnail","hentry"],"yoast_head":"<!-- This site is optimized with the Yoast SEO Premium plugin v27.4 (Yoast SEO v27.4) - https:\/\/yoast.com\/product\/yoast-seo-premium-wordpress\/ -->\n<title>Precios Masajes, Yoga y Osteopat\u00eda Granada 2026<\/title>\n<meta name=\"description\" content=\"Nuestras tarifas de precios actualizada para masajes, osteopat\u00eda y yoga en Granada. Descubre nuestros bonos de sesiones y regala bienestar.\" \/>\n<meta name=\"robots\" content=\"index, follow, max-snippet:-1, max-image-preview:large, max-video-preview:-1\" \/>\n<link rel=\"canonical\" href=\"https:\/\/quiroesencia.com\/en\/price-list\/\" \/>\n<meta property=\"og:locale\" content=\"en_US\" \/>\n<meta property=\"og:type\" content=\"article\" \/>\n<meta property=\"og:title\" content=\"Tarifa de Precios\" \/>\n<meta property=\"og:description\" content=\"Nuestras tarifas de precios actualizada para masajes, osteopat\u00eda y yoga en Granada. Descubre nuestros bonos de sesiones y regala bienestar.\" \/>\n<meta property=\"og:url\" content=\"https:\/\/quiroesencia.com\/en\/price-list\/\" \/>\n<meta property=\"og:site_name\" content=\"Quiroesencia\" \/>\n<meta property=\"article:publisher\" content=\"https:\/\/www.facebook.com\/QuiroesenciaGranada\" \/>\n<meta property=\"article:modified_time\" content=\"2026-04-15T10:26:14+00:00\" \/>\n<meta property=\"og:image\" content=\"https:\/\/quiroesencia.com\/wp-content\/uploads\/2025\/01\/imagen-del-sitio.webp\" \/>\n\t<meta property=\"og:image:width\" content=\"1200\" \/>\n\t<meta property=\"og:image:height\" content=\"675\" \/>\n\t<meta property=\"og:image:type\" content=\"image\/webp\" \/>\n<meta name=\"twitter:card\" content=\"summary_large_image\" \/>\n<meta name=\"twitter:site\" content=\"@quiroesencia\" \/>\n<meta name=\"twitter:label1\" content=\"Est. reading time\" \/>\n\t<meta name=\"twitter:data1\" content=\"1 minute\" \/>\n<script type=\"application\/ld+json\" class=\"yoast-schema-graph\">{\"@context\":\"https:\\\/\\\/schema.org\",\"@graph\":[{\"@type\":\"WebPage\",\"@id\":\"https:\\\/\\\/quiroesencia.com\\\/tarifa-de-precios\\\/\",\"url\":\"https:\\\/\\\/quiroesencia.com\\\/tarifa-de-precios\\\/\",\"name\":\"Precios Masajes, Yoga y Osteopat\u00eda Granada 2026\",\"isPartOf\":{\"@id\":\"https:\\\/\\\/quiroesencia.com\\\/#website\"},\"primaryImageOfPage\":{\"@id\":\"https:\\\/\\\/quiroesencia.com\\\/tarifa-de-precios\\\/#primaryimage\"},\"image\":{\"@id\":\"https:\\\/\\\/quiroesencia.com\\\/tarifa-de-precios\\\/#primaryimage\"},\"thumbnailUrl\":\"https:\\\/\\\/quiroesencia.com\\\/wp-content\\\/uploads\\\/2025\\\/01\\\/imagen-del-sitio.avif\",\"datePublished\":\"2025-01-10T11:42:00+00:00\",\"dateModified\":\"2026-04-15T10:26:14+00:00\",\"description\":\"Nuestras tarifas de precios actualizada para masajes, osteopat\u00eda y yoga en Granada. Descubre nuestros bonos de sesiones y regala bienestar.\",\"breadcrumb\":{\"@id\":\"https:\\\/\\\/quiroesencia.com\\\/tarifa-de-precios\\\/#breadcrumb\"},\"inLanguage\":\"en-US\",\"potentialAction\":[{\"@type\":\"ReadAction\",\"target\":[\"https:\\\/\\\/quiroesencia.com\\\/tarifa-de-precios\\\/\"]}]},{\"@type\":\"ImageObject\",\"inLanguage\":\"en-US\",\"@id\":\"https:\\\/\\\/quiroesencia.com\\\/tarifa-de-precios\\\/#primaryimage\",\"url\":\"https:\\\/\\\/quiroesencia.com\\\/wp-content\\\/uploads\\\/2025\\\/01\\\/imagen-del-sitio.avif\",\"contentUrl\":\"https:\\\/\\\/quiroesencia.com\\\/wp-content\\\/uploads\\\/2025\\\/01\\\/imagen-del-sitio.avif\",\"width\":1200,\"height\":675,\"caption\":\"imagen-del-sitio\"},{\"@type\":\"BreadcrumbList\",\"@id\":\"https:\\\/\\\/quiroesencia.com\\\/tarifa-de-precios\\\/#breadcrumb\",\"itemListElement\":[{\"@type\":\"ListItem\",\"position\":1,\"name\":\"Portada\",\"item\":\"https:\\\/\\\/quiroesencia.com\\\/\"},{\"@type\":\"ListItem\",\"position\":2,\"name\":\"Tarifa de Precios\"}]},{\"@type\":\"WebSite\",\"@id\":\"https:\\\/\\\/quiroesencia.com\\\/#website\",\"url\":\"https:\\\/\\\/quiroesencia.com\\\/\",\"name\":\"Quiroesencia\",\"description\":\"Masaje, Yoga y Osteopat\u00eda en Granada Centro\",\"publisher\":{\"@id\":\"https:\\\/\\\/quiroesencia.com\\\/#organization\"},\"alternateName\":\"Quiroesencia\",\"potentialAction\":[{\"@type\":\"SearchAction\",\"target\":{\"@type\":\"EntryPoint\",\"urlTemplate\":\"https:\\\/\\\/quiroesencia.com\\\/?s={search_term_string}\"},\"query-input\":{\"@type\":\"PropertyValueSpecification\",\"valueRequired\":true,\"valueName\":\"search_term_string\"}}],\"inLanguage\":\"en-US\"},{\"@type\":[\"Organization\",\"Place\",\"HealthAndBeautyBusiness\"],\"@id\":\"https:\\\/\\\/quiroesencia.com\\\/#organization\",\"name\":\"Quiroesencia\",\"alternateName\":\"Quiroesencia\",\"url\":\"https:\\\/\\\/quiroesencia.com\\\/\",\"logo\":{\"@id\":\"https:\\\/\\\/quiroesencia.com\\\/tarifa-de-precios\\\/#local-main-organization-logo\"},\"image\":{\"@id\":\"https:\\\/\\\/quiroesencia.com\\\/tarifa-de-precios\\\/#local-main-organization-logo\"},\"sameAs\":[\"https:\\\/\\\/www.facebook.com\\\/QuiroesenciaGranada\",\"https:\\\/\\\/x.com\\\/quiroesencia\",\"https:\\\/\\\/es.pinterest.com\\\/QuiroesenciaGranada\\\/\",\"https:\\\/\\\/www.instagram.com\\\/quiroesencia\\\/\"],\"description\":\"Quiroesencia es un centro de bienestar en el centro de Granada, ofrecemos masajes deportivos y relajantes, espec\u00edficamente dise\u00f1ados para la recuperaci\u00f3n muscular, la mejora de la circulaci\u00f3n y la reducci\u00f3n del estr\u00e9s. Los terapeutas tienen una s\u00f3lida formaci\u00f3n en t\u00e9cnicas avanzadas, lo que garantiza resultados efectivos, especialmente para atletas y personas que necesitan tratamientos m\u00e1s intensivos o personalizados.\",\"legalName\":\"Granada Wellnes S.L.\",\"numberOfEmployees\":{\"@type\":\"QuantitativeValue\",\"minValue\":\"1\",\"maxValue\":\"10\"},\"ownershipFundingInfo\":\"https:\\\/\\\/quiroesencia.com\\\/aviso-legal\\\/\",\"actionableFeedbackPolicy\":\"https:\\\/\\\/quiroesencia.com\\\/politica-de-privacidad\\\/\",\"ethicsPolicy\":\"https:\\\/\\\/quiroesencia.com\\\/normas-generales-de-uso-de-nuestras-instalaciones\\\/\",\"address\":{\"@id\":\"https:\\\/\\\/quiroesencia.com\\\/tarifa-de-precios\\\/#local-main-place-address\"},\"geo\":{\"@type\":\"GeoCoordinates\",\"latitude\":\"37.1796228\",\"longitude\":\"-3.6021412\"},\"telephone\":[\"+34621217595\"],\"contactPoint\":{\"@type\":\"ContactPoint\",\"telephone\":\"+34621217595\",\"email\":\"info@quiroesencia.com\"},\"openingHoursSpecification\":[{\"@type\":\"OpeningHoursSpecification\",\"dayOfWeek\":[\"Monday\",\"Tuesday\",\"Wednesday\",\"Thursday\",\"Friday\"],\"opens\":\"09:00\",\"closes\":\"21:00\"},{\"@type\":\"OpeningHoursSpecification\",\"dayOfWeek\":[\"Saturday\",\"Sunday\"],\"opens\":\"00:00\",\"closes\":\"00:00\"}],\"email\":\"info@quiroesencia.com\",\"areaServed\":\"Granada, Andaluc\u00eda, Espa\u00f1a\",\"vatID\":\"B19902097\",\"priceRange\":\"\u20ac\u20ac\"},{\"@type\":\"PostalAddress\",\"@id\":\"https:\\\/\\\/quiroesencia.com\\\/tarifa-de-precios\\\/#local-main-place-address\",\"streetAddress\":\"Calle San Jer\u00f3nimo, 48, local\",\"addressLocality\":\"Granada\",\"postalCode\":\"18001\",\"addressRegion\":\"Andalucia\",\"addressCountry\":\"ES\"},{\"@type\":\"ImageObject\",\"inLanguage\":\"en-US\",\"@id\":\"https:\\\/\\\/quiroesencia.com\\\/tarifa-de-precios\\\/#local-main-organization-logo\",\"url\":\"https:\\\/\\\/quiroesencia.com\\\/wp-content\\\/uploads\\\/2025\\\/02\\\/Estrella-azul-y-blanco-roto_1.webp\",\"contentUrl\":\"https:\\\/\\\/quiroesencia.com\\\/wp-content\\\/uploads\\\/2025\\\/02\\\/Estrella-azul-y-blanco-roto_1.webp\",\"width\":96,\"height\":95,\"caption\":\"Quiroesencia\"}]}<\/script>\n<meta name=\"geo.placename\" content=\"Granada\" \/>\n<meta name=\"geo.position\" content=\"37.1796228;-3.6021412\" \/>\n<meta name=\"geo.region\" content=\"Spain\" \/>\n<!-- \/ Yoast SEO Premium plugin. -->","yoast_head_json":{"title":"Prices for Massages, Yoga and Osteopathy in Granada 2026","description":"Our updated price list for massages, osteopathy, and yoga in Granada. Discover our session packages and give the gift of well-being.","robots":{"index":"index","follow":"follow","max-snippet":"max-snippet:-1","max-image-preview":"max-image-preview:large","max-video-preview":"max-video-preview:-1"},"canonical":"https:\/\/quiroesencia.com\/en\/price-list\/","og_locale":"en_US","og_type":"article","og_title":"Tarifa de Precios","og_description":"Nuestras tarifas de precios actualizada para masajes, osteopat\u00eda y yoga en Granada. Descubre nuestros bonos de sesiones y regala bienestar.","og_url":"https:\/\/quiroesencia.com\/en\/price-list\/","og_site_name":"Quiroesencia","article_publisher":"https:\/\/www.facebook.com\/QuiroesenciaGranada","article_modified_time":"2026-04-15T10:26:14+00:00","og_image":[{"width":1200,"height":675,"url":"https:\/\/quiroesencia.com\/wp-content\/uploads\/2025\/01\/imagen-del-sitio.webp","type":"image\/webp"}],"twitter_card":"summary_large_image","twitter_site":"@quiroesencia","twitter_misc":{"Est. reading time":"1 minute"},"schema":{"@context":"https:\/\/schema.org","@graph":[{"@type":"WebPage","@id":"https:\/\/quiroesencia.com\/tarifa-de-precios\/","url":"https:\/\/quiroesencia.com\/tarifa-de-precios\/","name":"Prices for Massages, Yoga and Osteopathy in Granada 2026","isPartOf":{"@id":"https:\/\/quiroesencia.com\/#website"},"primaryImageOfPage":{"@id":"https:\/\/quiroesencia.com\/tarifa-de-precios\/#primaryimage"},"image":{"@id":"https:\/\/quiroesencia.com\/tarifa-de-precios\/#primaryimage"},"thumbnailUrl":"https:\/\/quiroesencia.com\/wp-content\/uploads\/2025\/01\/imagen-del-sitio.avif","datePublished":"2025-01-10T11:42:00+00:00","dateModified":"2026-04-15T10:26:14+00:00","description":"Our updated price list for massages, osteopathy, and yoga in Granada. Discover our session packages and give the gift of well-being.","breadcrumb":{"@id":"https:\/\/quiroesencia.com\/tarifa-de-precios\/#breadcrumb"},"inLanguage":"en-US","potentialAction":[{"@type":"ReadAction","target":["https:\/\/quiroesencia.com\/tarifa-de-precios\/"]}]},{"@type":"ImageObject","inLanguage":"en-US","@id":"https:\/\/quiroesencia.com\/tarifa-de-precios\/#primaryimage","url":"https:\/\/quiroesencia.com\/wp-content\/uploads\/2025\/01\/imagen-del-sitio.avif","contentUrl":"https:\/\/quiroesencia.com\/wp-content\/uploads\/2025\/01\/imagen-del-sitio.avif","width":1200,"height":675,"caption":"imagen-del-sitio"},{"@type":"BreadcrumbList","@id":"https:\/\/quiroesencia.com\/tarifa-de-precios\/#breadcrumb","itemListElement":[{"@type":"ListItem","position":1,"name":"Portada","item":"https:\/\/quiroesencia.com\/"},{"@type":"ListItem","position":2,"name":"Tarifa de Precios"}]},{"@type":"WebSite","@id":"https:\/\/quiroesencia.com\/#website","url":"https:\/\/quiroesencia.com\/","name":"Quiroesencia","description":"Massage, Yoga and Osteopathy in Granada City Centre","publisher":{"@id":"https:\/\/quiroesencia.com\/#organization"},"alternateName":"Quiroesencia","potentialAction":[{"@type":"SearchAction","target":{"@type":"EntryPoint","urlTemplate":"https:\/\/quiroesencia.com\/?s={search_term_string}"},"query-input":{"@type":"PropertyValueSpecification","valueRequired":true,"valueName":"search_term_string"}}],"inLanguage":"en-US"},{"@type":["Organization","Place","HealthAndBeautyBusiness"],"@id":"https:\/\/quiroesencia.com\/#organization","name":"Quiroesencia","alternateName":"Quiroesencia","url":"https:\/\/quiroesencia.com\/","logo":{"@id":"https:\/\/quiroesencia.com\/tarifa-de-precios\/#local-main-organization-logo"},"image":{"@id":"https:\/\/quiroesencia.com\/tarifa-de-precios\/#local-main-organization-logo"},"sameAs":["https:\/\/www.facebook.com\/QuiroesenciaGranada","https:\/\/x.com\/quiroesencia","https:\/\/es.pinterest.com\/QuiroesenciaGranada\/","https:\/\/www.instagram.com\/quiroesencia\/"],"description":"Quiroesencia is a wellness center in the heart of Granada, offering sports and relaxation massages specifically designed for muscle recovery, improved circulation, and stress reduction. Our therapists are highly trained in advanced techniques, ensuring effective results, especially for athletes and those requiring more intensive or personalized treatments.","legalName":"Granada Wellnes S.L.","numberOfEmployees":{"@type":"QuantitativeValue","minValue":"1","maxValue":"10"},"ownershipFundingInfo":"https:\/\/quiroesencia.com\/aviso-legal\/","actionableFeedbackPolicy":"https:\/\/quiroesencia.com\/politica-de-privacidad\/","ethicsPolicy":"https:\/\/quiroesencia.com\/normas-generales-de-uso-de-nuestras-instalaciones\/","address":{"@id":"https:\/\/quiroesencia.com\/tarifa-de-precios\/#local-main-place-address"},"geo":{"@type":"GeoCoordinates","latitude":"37.1796228","longitude":"-3.6021412"},"telephone":["+34621217595"],"contactPoint":{"@type":"ContactPoint","telephone":"+34621217595","email":"info@quiroesencia.com"},"openingHoursSpecification":[{"@type":"OpeningHoursSpecification","dayOfWeek":["Monday","Tuesday","Wednesday","Thursday","Friday"],"opens":"09:00","closes":"21:00"},{"@type":"OpeningHoursSpecification","dayOfWeek":["Saturday","Sunday"],"opens":"00:00","closes":"00:00"}],"email":"info@quiroesencia.com","areaServed":"Granada, Andaluc\u00eda, Espa\u00f1a","vatID":"B19902097","priceRange":"\u20ac\u20ac"},{"@type":"PostalAddress","@id":"https:\/\/quiroesencia.com\/tarifa-de-precios\/#local-main-place-address","streetAddress":"Calle San Jer\u00f3nimo, 48, local","addressLocality":"Granada","postalCode":"18001","addressRegion":"Andalucia","addressCountry":"ES"},{"@type":"ImageObject","inLanguage":"en-US","@id":"https:\/\/quiroesencia.com\/tarifa-de-precios\/#local-main-organization-logo","url":"https:\/\/quiroesencia.com\/wp-content\/uploads\/2025\/02\/Estrella-azul-y-blanco-roto_1.webp","contentUrl":"https:\/\/quiroesencia.com\/wp-content\/uploads\/2025\/02\/Estrella-azul-y-blanco-roto_1.webp","width":96,"height":95,"caption":"Quiroesencia"}]},"geo.placename":"Granada","geo.position":{"lat":"37.1796228","long":"-3.6021412"},"geo.region":"Spain"},"_links":{"self":[{"href":"https:\/\/quiroesencia.com\/en\/wp-json\/wp\/v2\/pages\/2999","targetHints":{"allow":["GET"]}}],"collection":[{"href":"https:\/\/quiroesencia.com\/en\/wp-json\/wp\/v2\/pages"}],"about":[{"href":"https:\/\/quiroesencia.com\/en\/wp-json\/wp\/v2\/types\/page"}],"author":[{"embeddable":true,"href":"https:\/\/quiroesencia.com\/en\/wp-json\/wp\/v2\/users\/1"}],"replies":[{"embeddable":true,"href":"https:\/\/quiroesencia.com\/en\/wp-json\/wp\/v2\/comments?post=2999"}],"version-history":[{"count":4,"href":"https:\/\/quiroesencia.com\/en\/wp-json\/wp\/v2\/pages\/2999\/revisions"}],"predecessor-version":[{"id":7404,"href":"https:\/\/quiroesencia.com\/en\/wp-json\/wp\/v2\/pages\/2999\/revisions\/7404"}],"wp:featuredmedia":[{"embeddable":true,"href":"https:\/\/quiroesencia.com\/en\/wp-json\/wp\/v2\/media\/577"}],"wp:attachment":[{"href":"https:\/\/quiroesencia.com\/en\/wp-json\/wp\/v2\/media?parent=2999"}],"curies":[{"name":"wp","href":"https:\/\/api.w.org\/{rel}","templated":true}]}}