{"id":3480,"date":"2025-01-22T11:04:19","date_gmt":"2025-01-22T11:04:19","guid":{"rendered":"https:\/\/quiroesencia.com\/?page_id=3480"},"modified":"2026-04-05T21:58:07","modified_gmt":"2026-04-05T19:58:07","slug":"service-catalog","status":"publish","type":"page","link":"https:\/\/quiroesencia.com\/en\/catalogo-de-servicios\/","title":{"rendered":"Quiroesencia Services Catalog"},"content":{"rendered":"\n<h1 class=\"wp-block-heading\" id=\"h-catalogo-de-masajes-en-granada-precios-y-reservas-2026\">Cat\u00e1logo de masajes en Granada: Precios y reservas 2026 <\/h1>\n\n\n\n<div class=\"wp-block-stackable-columns alignfull stk-block-columns stk-block stk-045ee41\" data-block-id=\"045ee41\"><style>.stk-045ee41 {margin-bottom:50px !important;}<\/style><div class=\"stk-row stk-inner-blocks stk-block-content stk-content-align stk-045ee41-column alignfull\">\n<div class=\"wp-block-stackable-column stk-block-column stk-column stk-block stk-efdf42c\" data-v=\"4\" data-block-id=\"efdf42c\"><div class=\"stk-column-wrapper stk-block-column__content stk-container stk-efdf42c-container stk--no-background stk--no-padding\"><div class=\"stk-block-content stk-inner-blocks stk-efdf42c-inner-blocks\">\n<script>\n  if (typeof hasAmeliaEntitiesApiCall === 'undefined' && ('' === '' && '' !== '1')) {\n    var hasAmeliaEntitiesApiCall = true;\n  }\n  var ameliaShortcodeData = (typeof ameliaShortcodeData === 'undefined') ? [] : ameliaShortcodeData;\n  ameliaShortcodeData.push(\n    {\n      'hasApiCall': (typeof hasAmeliaEntitiesApiCall !== 'undefined') && hasAmeliaEntitiesApiCall,\n      'trigger': '',\n      'trigger_type': '',\n      'triggered_form': 'cbf',\n      'in_dialog': '',\n      'show': '',\n      'counter': '1000',\n      'package': '',\n      'category': '',\n      'service': '',\n      'employee': '',\n      'location': '',\n      'categories_hidden': ''\n    }\n  );\n  var ameliaShortcodeDataTriggered = (typeof ameliaShortcodeDataTriggered === 'undefined') ? [] : ameliaShortcodeDataTriggered;\n  if (ameliaShortcodeData[ameliaShortcodeData.length - 1].trigger !== '') {\n    if (ameliaShortcodeDataTriggered.filter(a => a.counter === ameliaShortcodeData[ameliaShortcodeData.length - 1].counter).length === 0) {\n      ameliaShortcodeDataTriggered.push(ameliaShortcodeData.pop());\n    } else {\n      ameliaShortcodeData.pop()\n    }\n  }\n  if (typeof hasAmeliaEntitiesApiCall !== 'undefined' && hasAmeliaEntitiesApiCall) {\n    hasAmeliaEntitiesApiCall = false;\n  }\n<\/script>\n\n<div\n  id=\"amelia-v2-booking-1000\"\n  class=\"amelia-v2-booking\"\n>\n    <catalog-form-wrapper><\/catalog-form-wrapper><\/div>\n\n\n\n<p><\/p>\n<\/div><\/div><\/div>\n<\/div><\/div>\n\n\n\n<p><strong>Cat\u00e1logo<\/strong>&nbsp;de Servicios, Precios y reserva 2026 en Quiroesencia. Si est\u00e1s buscando un Cat\u00e1logo de masajes en Granada, aqu\u00ed encontrar\u00e1s toda la informaci\u00f3n necesaria. En caso de necesidad de ayuda para la reserva contacte con nosotros en horario de recepci\u00f3n y le guiamos para que el proceso le resulte lo mas f\u00e1cil posible.<\/p>\n\n\n\n<p>Si necesitas m\u00e1s ayuda para elegir alguno de nuestros <strong>masajes en Granada<\/strong> puedes ver mas aqu\u00ed <a href=\"https:\/\/quiroesencia.com\/tarifa-de-precios\/\">m\u00e1s info.<\/a><\/p>\n\n\n\n<p><\/p>\n","protected":false},"excerpt":{"rendered":"<p>Cat\u00e1logo de masajes en Granada: Precios y reservas 2026 Cat\u00e1logo&nbsp;de Servicios, Precios y reserva 2026 [&hellip;]<\/p>\n","protected":false},"author":1,"featured_media":463,"parent":0,"menu_order":0,"comment_status":"closed","ping_status":"closed","template":"","meta":{"site-sidebar-layout":"default","site-content-layout":"","ast-site-content-layout":"","site-content-style":"default","site-sidebar-style":"default","ast-global-header-display":"","ast-banner-title-visibility":"","ast-main-header-display":"","ast-hfb-above-header-display":"","ast-hfb-below-header-display":"","ast-hfb-mobile-header-display":"","site-post-title":"disabled","ast-breadcrumbs-content":"","ast-featured-img":"disabled","footer-sml-layout":"","ast-disable-related-posts":"","theme-transparent-header-meta":"","adv-header-id-meta":"","stick-header-meta":"","header-above-stick-meta":"","header-main-stick-meta":"","header-below-stick-meta":"","astra-migrate-meta-layouts":"default","ast-page-background-enabled":"default","ast-page-background-meta":{"desktop":{"background-color":"var(--ast-global-color-4)","background-image":"","background-repeat":"repeat","background-position":"center center","background-size":"auto","background-attachment":"scroll","background-type":"","background-media":"","overlay-type":"","overlay-color":"","overlay-opacity":"","overlay-gradient":""},"tablet":{"background-color":"","background-image":"","background-repeat":"repeat","background-position":"center center","background-size":"auto","background-attachment":"scroll","background-type":"","background-media":"","overlay-type":"","overlay-color":"","overlay-opacity":"","overlay-gradient":""},"mobile":{"background-color":"","background-image":"","background-repeat":"repeat","background-position":"center center","background-size":"auto","background-attachment":"scroll","background-type":"","background-media":"","overlay-type":"","overlay-color":"","overlay-opacity":"","overlay-gradient":""}},"ast-content-background-meta":{"desktop":{"background-color":"var(--ast-global-color-5)","background-image":"","background-repeat":"repeat","background-position":"center center","background-size":"auto","background-attachment":"scroll","background-type":"","background-media":"","overlay-type":"","overlay-color":"","overlay-opacity":"","overlay-gradient":""},"tablet":{"background-color":"var(--ast-global-color-5)","background-image":"","background-repeat":"repeat","background-position":"center center","background-size":"auto","background-attachment":"scroll","background-type":"","background-media":"","overlay-type":"","overlay-color":"","overlay-opacity":"","overlay-gradient":""},"mobile":{"background-color":"var(--ast-global-color-5)","background-image":"","background-repeat":"repeat","background-position":"center center","background-size":"auto","background-attachment":"scroll","background-type":"","background-media":"","overlay-type":"","overlay-color":"","overlay-opacity":"","overlay-gradient":""}},"_joinchat":[],"footnotes":""},"class_list":["post-3480","page","type-page","status-publish","has-post-thumbnail","hentry"],"yoast_head":"<!-- This site is optimized with the Yoast SEO Premium plugin v27.4 (Yoast SEO v27.4) - https:\/\/yoast.com\/product\/yoast-seo-premium-wordpress\/ -->\n<title>Cat\u00e1logo de masajes en Granada, Precios y reservas on-line<\/title>\n<meta name=\"description\" content=\"Masaje desde \u20ac50 \u00b7 Yoga desde \u20ac45 \u00b7 Osteopat\u00eda desde \u20ac60. Todos nuestros servicios y tarifas. Reserva en Quiroesencia Granada.\" \/>\n<meta name=\"robots\" content=\"index, nofollow, max-snippet:-1, max-image-preview:large, max-video-preview:-1\" \/>\n<link rel=\"canonical\" href=\"https:\/\/quiroesencia.com\/en\/service-catalog\/\" \/>\n<meta property=\"og:locale\" content=\"en_US\" \/>\n<meta property=\"og:type\" content=\"article\" \/>\n<meta property=\"og:title\" content=\"Cat\u00e1logo de Servicios Quiroesencia\" \/>\n<meta property=\"og:description\" content=\"Masaje desde \u20ac50 \u00b7 Yoga desde \u20ac45 \u00b7 Osteopat\u00eda desde \u20ac60. Todos nuestros servicios y tarifas. Reserva en Quiroesencia Granada.\" \/>\n<meta property=\"og:url\" content=\"https:\/\/quiroesencia.com\/en\/service-catalog\/\" \/>\n<meta property=\"og:site_name\" content=\"Quiroesencia\" \/>\n<meta property=\"article:publisher\" content=\"https:\/\/www.facebook.com\/QuiroesenciaGranada\" \/>\n<meta property=\"article:modified_time\" content=\"2026-04-05T19:58:07+00:00\" \/>\n<meta property=\"og:image\" content=\"https:\/\/quiroesencia.com\/wp-content\/uploads\/2025\/01\/imagen-del-sitio.webp\" \/>\n\t<meta property=\"og:image:width\" content=\"1200\" \/>\n\t<meta property=\"og:image:height\" content=\"675\" \/>\n\t<meta property=\"og:image:type\" content=\"image\/webp\" \/>\n<meta name=\"twitter:card\" content=\"summary_large_image\" \/>\n<meta name=\"twitter:site\" content=\"@quiroesencia\" \/>\n<meta name=\"twitter:label1\" content=\"Est. reading time\" \/>\n\t<meta name=\"twitter:data1\" content=\"1 minute\" \/>\n<script type=\"application\/ld+json\" class=\"yoast-schema-graph\">{\"@context\":\"https:\\\/\\\/schema.org\",\"@graph\":[{\"@type\":[\"WebPage\",\"CheckoutPage\"],\"@id\":\"https:\\\/\\\/quiroesencia.com\\\/catalogo-de-servicios\\\/\",\"url\":\"https:\\\/\\\/quiroesencia.com\\\/catalogo-de-servicios\\\/\",\"name\":\"Cat\u00e1logo de masajes en Granada, Precios y reservas on-line\",\"isPartOf\":{\"@id\":\"https:\\\/\\\/quiroesencia.com\\\/#website\"},\"primaryImageOfPage\":{\"@id\":\"https:\\\/\\\/quiroesencia.com\\\/catalogo-de-servicios\\\/#primaryimage\"},\"image\":{\"@id\":\"https:\\\/\\\/quiroesencia.com\\\/catalogo-de-servicios\\\/#primaryimage\"},\"thumbnailUrl\":\"https:\\\/\\\/quiroesencia.com\\\/wp-content\\\/uploads\\\/2025\\\/01\\\/clases-en-granada-relajacion.avif\",\"datePublished\":\"2025-01-22T11:04:19+00:00\",\"dateModified\":\"2026-04-05T19:58:07+00:00\",\"description\":\"Masaje desde \u20ac50 \u00b7 Yoga desde \u20ac45 \u00b7 Osteopat\u00eda desde \u20ac60. Todos nuestros servicios y tarifas. Reserva en Quiroesencia Granada.\",\"breadcrumb\":{\"@id\":\"https:\\\/\\\/quiroesencia.com\\\/catalogo-de-servicios\\\/#breadcrumb\"},\"inLanguage\":\"en-US\",\"potentialAction\":[{\"@type\":\"ReadAction\",\"target\":[\"https:\\\/\\\/quiroesencia.com\\\/catalogo-de-servicios\\\/\"]}]},{\"@type\":\"ImageObject\",\"inLanguage\":\"en-US\",\"@id\":\"https:\\\/\\\/quiroesencia.com\\\/catalogo-de-servicios\\\/#primaryimage\",\"url\":\"https:\\\/\\\/quiroesencia.com\\\/wp-content\\\/uploads\\\/2025\\\/01\\\/clases-en-granada-relajacion.avif\",\"contentUrl\":\"https:\\\/\\\/quiroesencia.com\\\/wp-content\\\/uploads\\\/2025\\\/01\\\/clases-en-granada-relajacion.avif\",\"width\":900,\"height\":900,\"caption\":\"Persona en postura de relajaci\u00f3n y meditaci\u00f3n durante clase de yoga en Quiroesencia Granada\"},{\"@type\":\"BreadcrumbList\",\"@id\":\"https:\\\/\\\/quiroesencia.com\\\/catalogo-de-servicios\\\/#breadcrumb\",\"itemListElement\":[{\"@type\":\"ListItem\",\"position\":1,\"name\":\"Portada\",\"item\":\"https:\\\/\\\/quiroesencia.com\\\/\"},{\"@type\":\"ListItem\",\"position\":2,\"name\":\"Cat\u00e1logo de Servicios Quiroesencia\"}]},{\"@type\":\"WebSite\",\"@id\":\"https:\\\/\\\/quiroesencia.com\\\/#website\",\"url\":\"https:\\\/\\\/quiroesencia.com\\\/\",\"name\":\"Quiroesencia\",\"description\":\"Masaje, Yoga y Osteopat\u00eda en Granada Centro\",\"publisher\":{\"@id\":\"https:\\\/\\\/quiroesencia.com\\\/#organization\"},\"alternateName\":\"Quiroesencia\",\"potentialAction\":[{\"@type\":\"SearchAction\",\"target\":{\"@type\":\"EntryPoint\",\"urlTemplate\":\"https:\\\/\\\/quiroesencia.com\\\/?s={search_term_string}\"},\"query-input\":{\"@type\":\"PropertyValueSpecification\",\"valueRequired\":true,\"valueName\":\"search_term_string\"}}],\"inLanguage\":\"en-US\"},{\"@type\":[\"Organization\",\"Place\",\"HealthAndBeautyBusiness\"],\"@id\":\"https:\\\/\\\/quiroesencia.com\\\/#organization\",\"name\":\"Quiroesencia\",\"alternateName\":\"Quiroesencia\",\"url\":\"https:\\\/\\\/quiroesencia.com\\\/\",\"logo\":{\"@id\":\"https:\\\/\\\/quiroesencia.com\\\/catalogo-de-servicios\\\/#local-main-organization-logo\"},\"image\":{\"@id\":\"https:\\\/\\\/quiroesencia.com\\\/catalogo-de-servicios\\\/#local-main-organization-logo\"},\"sameAs\":[\"https:\\\/\\\/www.facebook.com\\\/QuiroesenciaGranada\",\"https:\\\/\\\/x.com\\\/quiroesencia\",\"https:\\\/\\\/es.pinterest.com\\\/QuiroesenciaGranada\\\/\",\"https:\\\/\\\/www.instagram.com\\\/quiroesencia\\\/\"],\"description\":\"Quiroesencia es un centro de bienestar en el centro de Granada, ofrecemos masajes deportivos y relajantes, espec\u00edficamente dise\u00f1ados para la recuperaci\u00f3n muscular, la mejora de la circulaci\u00f3n y la reducci\u00f3n del estr\u00e9s. Los terapeutas tienen una s\u00f3lida formaci\u00f3n en t\u00e9cnicas avanzadas, lo que garantiza resultados efectivos, especialmente para atletas y personas que necesitan tratamientos m\u00e1s intensivos o personalizados.\",\"legalName\":\"Granada Wellnes S.L.\",\"numberOfEmployees\":{\"@type\":\"QuantitativeValue\",\"minValue\":\"1\",\"maxValue\":\"10\"},\"ownershipFundingInfo\":\"https:\\\/\\\/quiroesencia.com\\\/aviso-legal\\\/\",\"actionableFeedbackPolicy\":\"https:\\\/\\\/quiroesencia.com\\\/politica-de-privacidad\\\/\",\"ethicsPolicy\":\"https:\\\/\\\/quiroesencia.com\\\/normas-generales-de-uso-de-nuestras-instalaciones\\\/\",\"address\":{\"@id\":\"https:\\\/\\\/quiroesencia.com\\\/catalogo-de-servicios\\\/#local-main-place-address\"},\"geo\":{\"@type\":\"GeoCoordinates\",\"latitude\":\"37.1796228\",\"longitude\":\"-3.6021412\"},\"telephone\":[\"+34621217595\"],\"contactPoint\":{\"@type\":\"ContactPoint\",\"telephone\":\"+34621217595\",\"email\":\"info@quiroesencia.com\"},\"openingHoursSpecification\":[{\"@type\":\"OpeningHoursSpecification\",\"dayOfWeek\":[\"Monday\",\"Tuesday\",\"Wednesday\",\"Thursday\",\"Friday\"],\"opens\":\"09:00\",\"closes\":\"21:00\"},{\"@type\":\"OpeningHoursSpecification\",\"dayOfWeek\":[\"Saturday\"],\"opens\":\"11:00\",\"closes\":\"21:00\"},{\"@type\":\"OpeningHoursSpecification\",\"dayOfWeek\":[\"Sunday\"],\"opens\":\"00:00\",\"closes\":\"00:00\"}],\"email\":\"info@quiroesencia.com\",\"areaServed\":\"Granada, Andaluc\u00eda, Espa\u00f1a\",\"vatID\":\"B19902097\",\"priceRange\":\"\u20ac\u20ac\"},{\"@type\":\"PostalAddress\",\"@id\":\"https:\\\/\\\/quiroesencia.com\\\/catalogo-de-servicios\\\/#local-main-place-address\",\"streetAddress\":\"Calle San Jer\u00f3nimo, 48, local\",\"addressLocality\":\"Granada\",\"postalCode\":\"18001\",\"addressRegion\":\"Andalucia\",\"addressCountry\":\"ES\"},{\"@type\":\"ImageObject\",\"inLanguage\":\"en-US\",\"@id\":\"https:\\\/\\\/quiroesencia.com\\\/catalogo-de-servicios\\\/#local-main-organization-logo\",\"url\":\"https:\\\/\\\/quiroesencia.com\\\/wp-content\\\/uploads\\\/2025\\\/02\\\/Estrella-azul-y-blanco-roto_1.webp\",\"contentUrl\":\"https:\\\/\\\/quiroesencia.com\\\/wp-content\\\/uploads\\\/2025\\\/02\\\/Estrella-azul-y-blanco-roto_1.webp\",\"width\":96,\"height\":95,\"caption\":\"Quiroesencia\"}]}<\/script>\n<meta name=\"geo.placename\" content=\"Granada\" \/>\n<meta name=\"geo.position\" content=\"37.1796228;-3.6021412\" \/>\n<meta name=\"geo.region\" content=\"Spain\" \/>\n<!-- \/ Yoast SEO Premium plugin. -->","yoast_head_json":{"title":"Massage catalog in Granada, prices and online bookings","description":"Massage from \u20ac50 \u00b7 Yoga from \u20ac45 \u00b7 Osteopathy from \u20ac60. All our services and rates. Book at Quiroesencia Granada.","robots":{"index":"index","follow":"nofollow","max-snippet":"max-snippet:-1","max-image-preview":"max-image-preview:large","max-video-preview":"max-video-preview:-1"},"canonical":"https:\/\/quiroesencia.com\/en\/service-catalog\/","og_locale":"en_US","og_type":"article","og_title":"Cat\u00e1logo de Servicios Quiroesencia","og_description":"Masaje desde \u20ac50 \u00b7 Yoga desde \u20ac45 \u00b7 Osteopat\u00eda desde \u20ac60. Todos nuestros servicios y tarifas. Reserva en Quiroesencia Granada.","og_url":"https:\/\/quiroesencia.com\/en\/service-catalog\/","og_site_name":"Quiroesencia","article_publisher":"https:\/\/www.facebook.com\/QuiroesenciaGranada","article_modified_time":"2026-04-05T19:58:07+00:00","og_image":[{"width":1200,"height":675,"url":"https:\/\/quiroesencia.com\/wp-content\/uploads\/2025\/01\/imagen-del-sitio.webp","type":"image\/webp"}],"twitter_card":"summary_large_image","twitter_site":"@quiroesencia","twitter_misc":{"Est. reading time":"1 minute"},"schema":{"@context":"https:\/\/schema.org","@graph":[{"@type":["WebPage","CheckoutPage"],"@id":"https:\/\/quiroesencia.com\/catalogo-de-servicios\/","url":"https:\/\/quiroesencia.com\/catalogo-de-servicios\/","name":"Massage catalog in Granada, prices and online bookings","isPartOf":{"@id":"https:\/\/quiroesencia.com\/#website"},"primaryImageOfPage":{"@id":"https:\/\/quiroesencia.com\/catalogo-de-servicios\/#primaryimage"},"image":{"@id":"https:\/\/quiroesencia.com\/catalogo-de-servicios\/#primaryimage"},"thumbnailUrl":"https:\/\/quiroesencia.com\/wp-content\/uploads\/2025\/01\/clases-en-granada-relajacion.avif","datePublished":"2025-01-22T11:04:19+00:00","dateModified":"2026-04-05T19:58:07+00:00","description":"Massage from \u20ac50 \u00b7 Yoga from \u20ac45 \u00b7 Osteopathy from \u20ac60. All our services and rates. Book at Quiroesencia Granada.","breadcrumb":{"@id":"https:\/\/quiroesencia.com\/catalogo-de-servicios\/#breadcrumb"},"inLanguage":"en-US","potentialAction":[{"@type":"ReadAction","target":["https:\/\/quiroesencia.com\/catalogo-de-servicios\/"]}]},{"@type":"ImageObject","inLanguage":"en-US","@id":"https:\/\/quiroesencia.com\/catalogo-de-servicios\/#primaryimage","url":"https:\/\/quiroesencia.com\/wp-content\/uploads\/2025\/01\/clases-en-granada-relajacion.avif","contentUrl":"https:\/\/quiroesencia.com\/wp-content\/uploads\/2025\/01\/clases-en-granada-relajacion.avif","width":900,"height":900,"caption":"Persona en postura de relajaci\u00f3n y meditaci\u00f3n durante clase de yoga en Quiroesencia Granada"},{"@type":"BreadcrumbList","@id":"https:\/\/quiroesencia.com\/catalogo-de-servicios\/#breadcrumb","itemListElement":[{"@type":"ListItem","position":1,"name":"Portada","item":"https:\/\/quiroesencia.com\/"},{"@type":"ListItem","position":2,"name":"Cat\u00e1logo de Servicios Quiroesencia"}]},{"@type":"WebSite","@id":"https:\/\/quiroesencia.com\/#website","url":"https:\/\/quiroesencia.com\/","name":"Quiroesencia","description":"Massage, Yoga and Osteopathy in Granada City Centre","publisher":{"@id":"https:\/\/quiroesencia.com\/#organization"},"alternateName":"Quiroesencia","potentialAction":[{"@type":"SearchAction","target":{"@type":"EntryPoint","urlTemplate":"https:\/\/quiroesencia.com\/?s={search_term_string}"},"query-input":{"@type":"PropertyValueSpecification","valueRequired":true,"valueName":"search_term_string"}}],"inLanguage":"en-US"},{"@type":["Organization","Place","HealthAndBeautyBusiness"],"@id":"https:\/\/quiroesencia.com\/#organization","name":"Quiroesencia","alternateName":"Quiroesencia","url":"https:\/\/quiroesencia.com\/","logo":{"@id":"https:\/\/quiroesencia.com\/catalogo-de-servicios\/#local-main-organization-logo"},"image":{"@id":"https:\/\/quiroesencia.com\/catalogo-de-servicios\/#local-main-organization-logo"},"sameAs":["https:\/\/www.facebook.com\/QuiroesenciaGranada","https:\/\/x.com\/quiroesencia","https:\/\/es.pinterest.com\/QuiroesenciaGranada\/","https:\/\/www.instagram.com\/quiroesencia\/"],"description":"Quiroesencia is a wellness center in the heart of Granada, offering sports and relaxation massages specifically designed for muscle recovery, improved circulation, and stress reduction. Our therapists are highly trained in advanced techniques, ensuring effective results, especially for athletes and those requiring more intensive or personalized treatments.","legalName":"Granada Wellnes S.L.","numberOfEmployees":{"@type":"QuantitativeValue","minValue":"1","maxValue":"10"},"ownershipFundingInfo":"https:\/\/quiroesencia.com\/aviso-legal\/","actionableFeedbackPolicy":"https:\/\/quiroesencia.com\/politica-de-privacidad\/","ethicsPolicy":"https:\/\/quiroesencia.com\/normas-generales-de-uso-de-nuestras-instalaciones\/","address":{"@id":"https:\/\/quiroesencia.com\/catalogo-de-servicios\/#local-main-place-address"},"geo":{"@type":"GeoCoordinates","latitude":"37.1796228","longitude":"-3.6021412"},"telephone":["+34621217595"],"contactPoint":{"@type":"ContactPoint","telephone":"+34621217595","email":"info@quiroesencia.com"},"openingHoursSpecification":[{"@type":"OpeningHoursSpecification","dayOfWeek":["Monday","Tuesday","Wednesday","Thursday","Friday"],"opens":"09:00","closes":"21:00"},{"@type":"OpeningHoursSpecification","dayOfWeek":["Saturday"],"opens":"11:00","closes":"21:00"},{"@type":"OpeningHoursSpecification","dayOfWeek":["Sunday"],"opens":"00:00","closes":"00:00"}],"email":"info@quiroesencia.com","areaServed":"Granada, Andaluc\u00eda, Espa\u00f1a","vatID":"B19902097","priceRange":"\u20ac\u20ac"},{"@type":"PostalAddress","@id":"https:\/\/quiroesencia.com\/catalogo-de-servicios\/#local-main-place-address","streetAddress":"Calle San Jer\u00f3nimo, 48, local","addressLocality":"Granada","postalCode":"18001","addressRegion":"Andalucia","addressCountry":"ES"},{"@type":"ImageObject","inLanguage":"en-US","@id":"https:\/\/quiroesencia.com\/catalogo-de-servicios\/#local-main-organization-logo","url":"https:\/\/quiroesencia.com\/wp-content\/uploads\/2025\/02\/Estrella-azul-y-blanco-roto_1.webp","contentUrl":"https:\/\/quiroesencia.com\/wp-content\/uploads\/2025\/02\/Estrella-azul-y-blanco-roto_1.webp","width":96,"height":95,"caption":"Quiroesencia"}]},"geo.placename":"Granada","geo.position":{"lat":"37.1796228","long":"-3.6021412"},"geo.region":"Spain"},"_links":{"self":[{"href":"https:\/\/quiroesencia.com\/en\/wp-json\/wp\/v2\/pages\/3480","targetHints":{"allow":["GET"]}}],"collection":[{"href":"https:\/\/quiroesencia.com\/en\/wp-json\/wp\/v2\/pages"}],"about":[{"href":"https:\/\/quiroesencia.com\/en\/wp-json\/wp\/v2\/types\/page"}],"author":[{"embeddable":true,"href":"https:\/\/quiroesencia.com\/en\/wp-json\/wp\/v2\/users\/1"}],"replies":[{"embeddable":true,"href":"https:\/\/quiroesencia.com\/en\/wp-json\/wp\/v2\/comments?post=3480"}],"version-history":[{"count":4,"href":"https:\/\/quiroesencia.com\/en\/wp-json\/wp\/v2\/pages\/3480\/revisions"}],"predecessor-version":[{"id":7089,"href":"https:\/\/quiroesencia.com\/en\/wp-json\/wp\/v2\/pages\/3480\/revisions\/7089"}],"wp:featuredmedia":[{"embeddable":true,"href":"https:\/\/quiroesencia.com\/en\/wp-json\/wp\/v2\/media\/463"}],"wp:attachment":[{"href":"https:\/\/quiroesencia.com\/en\/wp-json\/wp\/v2\/media?parent=3480"}],"curies":[{"name":"wp","href":"https:\/\/api.w.org\/{rel}","templated":true}]}}