{"id":3759,"date":"2025-02-01T13:11:10","date_gmt":"2025-02-01T12:11:10","guid":{"rendered":"https:\/\/quiroesencia.com\/?page_id=3759"},"modified":"2026-01-30T23:30:39","modified_gmt":"2026-01-30T22:30:39","slug":"service-voucher-pack","status":"publish","type":"page","link":"https:\/\/quiroesencia.com\/en\/pack-bonos-de-servicios\/","title":{"rendered":"Pack \u2013 Service Bonuses"},"content":{"rendered":"\n<div class=\"wp-block-stackable-columns alignfull stk-block-columns stk-block stk-409f15a\" data-block-id=\"409f15a\"><style>.stk-409f15a {align-items:center !important;margin-bottom:100px !important;display:flex !important;}@media screen and (max-width: 767px){.stk-409f15a {min-height:0px !important;}}<\/style><div class=\"stk-row stk-inner-blocks stk-block-content stk-content-align stk-409f15a-column alignfull\">\n<div class=\"wp-block-stackable-column stk-block-column stk-column stk-block stk-b842c1c stk-block-background stk--has-background-overlay\" data-v=\"4\" data-block-id=\"b842c1c\"><style>.stk-b842c1c {background-color:var(--ast-global-color-2) !important;background-image:url(https:\/\/quiroesencia.com\/wp-content\/uploads\/2025\/02\/Banner-Pack-Bonos.avif) !important;align-items:center !important;padding-top:20px !important;padding-bottom:20px !important;display:flex !important;}.stk-b842c1c:before{background-color:var(--ast-global-color-2) !important;opacity:0.5 !important;}@media screen and (max-width: 767px){.stk-b842c1c {padding-top:10px !important;padding-right:10px !important;padding-bottom:10px !important;padding-left:10px !important;}}<\/style><div class=\"stk-column-wrapper stk-block-column__content stk-container stk-b842c1c-container stk--no-background stk--no-padding\"><div class=\"stk-block-content stk-inner-blocks stk-b842c1c-inner-blocks\">\n<div class=\"wp-block-stackable-heading stk-block-heading stk-block-heading--v2 stk-block stk-b89ead2\" id=\"reserva-tu-pack-bono\" data-block-id=\"b89ead2\"><style>.stk-b89ead2 .stk-block-heading__bottom-line{height:2px !important;width:50% !important;background-color:var(--ast-global-color-5) !important;margin-top:10px !important;margin-left:auto !important;margin-right:auto !important;}.stk-b89ead2 .stk-block-heading__text{color:var(--ast-global-color-5) !important;}<\/style><h1 class=\"stk-block-heading__text has-text-color has-text-align-center\">Reserva tu Pack &#8211; Bono<\/h1><div class=\"stk-block-heading__bottom-line\"><\/div><\/div>\n\n\n\n<div class=\"wp-block-stackable-heading stk-block-heading stk-block-heading--v2 stk-block stk-7a062ff\" id=\"strong-strong-cuida-de-ti-como-te-mereces-strong-strong\" data-block-id=\"7a062ff\"><style>.stk-7a062ff .stk-block-heading__text{color:var(--ast-global-color-5) !important;}<\/style><h2 class=\"stk-block-heading__text has-text-color has-text-align-center\"><strong><strong>Cuida de ti como te mereces<\/strong> <\/strong><\/h2><\/div>\n\n\n\n<div class=\"wp-block-stackable-heading stk-block-heading stk-block-heading--v2 stk-block stk-4355c35\" id=\"disfruta-de-experiencias-que-cuidan-tu-cuerpo-y-mente-con-nuestros-packs-y-bonos-especiales-strong-haz-tu-reserva-ahora-strong\" data-block-id=\"4355c35\"><style>.stk-4355c35 {max-width:70% !important;min-width:auto !important;margin-right:auto !important;margin-left:auto !important;}.stk-4355c35 .stk-block-heading__text{color:var(--ast-global-color-5) !important;}@media screen and (max-width: 767px){.stk-4355c35 {max-width:100% !important;min-width:auto !important;}.stk-4355c35 .stk-block-heading__text{font-size:16px !important;}}<\/style><h3 class=\"stk-block-heading__text has-text-color has-text-align-center\">Disfruta de experiencias que cuidan tu cuerpo y mente con nuestros Packs y Bonos especiales. <strong>\u00a1Haz tu reserva ahora!<\/strong><\/h3><\/div>\n<\/div><\/div><\/div>\n\n\n\n<div class=\"wp-block-stackable-column stk-block-column stk-column stk-block stk-61a07c7\" data-v=\"4\" data-block-id=\"61a07c7\"><div class=\"stk-column-wrapper stk-block-column__content stk-container stk-61a07c7-container stk--no-background stk--no-padding\"><div class=\"stk-block-content stk-inner-blocks stk-61a07c7-inner-blocks\">\n<script>\n  if (typeof hasAmeliaEntitiesApiCall === 'undefined' && ('' === '' && '' !== '1')) {\n    var hasAmeliaEntitiesApiCall = true;\n  }\n  var ameliaShortcodeData = (typeof ameliaShortcodeData === 'undefined') ? [] : ameliaShortcodeData;\n  ameliaShortcodeData.push(\n    {\n      'hasApiCall': (typeof hasAmeliaEntitiesApiCall !== 'undefined') && hasAmeliaEntitiesApiCall,\n      'trigger': '',\n      'trigger_type': '',\n      'triggered_form': 'sbsNew',\n      'in_dialog': '',\n      'show': 'packages',\n      'counter': '1000',\n      'category': '',\n      'service': '',\n      'employee': '',\n      'location': '',\n      'package': '',\n      'layout': '',\n    }\n  );\n\n  var ameliaShortcodeDataTriggered = (typeof ameliaShortcodeDataTriggered === 'undefined') ? [] : ameliaShortcodeDataTriggered;\n  if (ameliaShortcodeData[ameliaShortcodeData.length - 1].trigger !== '') {\n    if (ameliaShortcodeDataTriggered.filter(a => a.counter === ameliaShortcodeData[ameliaShortcodeData.length - 1].counter).length === 0) {\n      ameliaShortcodeDataTriggered.push(ameliaShortcodeData.pop());\n    } else {\n      ameliaShortcodeData.pop()\n    }\n  }\n  if (typeof hasAmeliaEntitiesApiCall !== 'undefined' && hasAmeliaEntitiesApiCall) {\n    hasAmeliaEntitiesApiCall = false;\n  }\n<\/script>\n\n<div\n  id=\"amelia-v2-booking-1000\"\n  class=\"amelia-v2-booking\"\n >\n    <step-form-wrapper><\/step-form-wrapper><\/div>\n\n<\/div><\/div><\/div>\n<\/div><\/div>\n","protected":false},"excerpt":{"rendered":"<p>Reserva tu Pack &#8211; Bono Cuida de ti como te mereces Disfruta de experiencias que [&hellip;]<\/p>\n","protected":false},"author":1,"featured_media":0,"parent":0,"menu_order":0,"comment_status":"closed","ping_status":"closed","template":"","meta":{"site-sidebar-layout":"default","site-content-layout":"","ast-site-content-layout":"full-width-container","site-content-style":"default","site-sidebar-style":"default","ast-global-header-display":"","ast-banner-title-visibility":"","ast-main-header-display":"","ast-hfb-above-header-display":"","ast-hfb-below-header-display":"","ast-hfb-mobile-header-display":"","site-post-title":"disabled","ast-breadcrumbs-content":"","ast-featured-img":"","footer-sml-layout":"","ast-disable-related-posts":"","theme-transparent-header-meta":"","adv-header-id-meta":"","stick-header-meta":"","header-above-stick-meta":"","header-main-stick-meta":"","header-below-stick-meta":"","astra-migrate-meta-layouts":"default","ast-page-background-enabled":"default","ast-page-background-meta":{"desktop":{"background-color":"var(--ast-global-color-4)","background-image":"","background-repeat":"repeat","background-position":"center center","background-size":"auto","background-attachment":"scroll","background-type":"","background-media":"","overlay-type":"","overlay-color":"","overlay-opacity":"","overlay-gradient":""},"tablet":{"background-color":"","background-image":"","background-repeat":"repeat","background-position":"center center","background-size":"auto","background-attachment":"scroll","background-type":"","background-media":"","overlay-type":"","overlay-color":"","overlay-opacity":"","overlay-gradient":""},"mobile":{"background-color":"","background-image":"","background-repeat":"repeat","background-position":"center center","background-size":"auto","background-attachment":"scroll","background-type":"","background-media":"","overlay-type":"","overlay-color":"","overlay-opacity":"","overlay-gradient":""}},"ast-content-background-meta":{"desktop":{"background-color":"var(--ast-global-color-5)","background-image":"","background-repeat":"repeat","background-position":"center center","background-size":"auto","background-attachment":"scroll","background-type":"","background-media":"","overlay-type":"","overlay-color":"","overlay-opacity":"","overlay-gradient":""},"tablet":{"background-color":"var(--ast-global-color-5)","background-image":"","background-repeat":"repeat","background-position":"center center","background-size":"auto","background-attachment":"scroll","background-type":"","background-media":"","overlay-type":"","overlay-color":"","overlay-opacity":"","overlay-gradient":""},"mobile":{"background-color":"var(--ast-global-color-5)","background-image":"","background-repeat":"repeat","background-position":"center center","background-size":"auto","background-attachment":"scroll","background-type":"","background-media":"","overlay-type":"","overlay-color":"","overlay-opacity":"","overlay-gradient":""}},"_joinchat":[],"footnotes":""},"class_list":["post-3759","page","type-page","status-publish","hentry"],"yoast_head":"<!-- This site is optimized with the Yoast SEO Premium plugin v27.5 (Yoast SEO v27.5) - https:\/\/yoast.com\/product\/yoast-seo-premium-wordpress\/ -->\n<title>Pack - Bonos de Servicios<\/title>\n<meta name=\"robots\" content=\"noindex, follow\" \/>\n<meta property=\"og:locale\" content=\"en_US\" \/>\n<meta property=\"og:type\" content=\"article\" \/>\n<meta property=\"og:title\" content=\"Pack - Bonos de Servicios\" \/>\n<meta property=\"og:description\" content=\"Reserva tu Pack &#8211; Bono Cuida de ti como te mereces Disfruta de experiencias que [&hellip;]\" \/>\n<meta property=\"og:url\" content=\"https:\/\/quiroesencia.com\/en\/service-voucher-pack\/\" \/>\n<meta property=\"og:site_name\" content=\"Quiroesencia\" \/>\n<meta property=\"article:publisher\" content=\"https:\/\/www.facebook.com\/QuiroesenciaGranada\" \/>\n<meta property=\"article:modified_time\" content=\"2026-01-30T22:30:39+00:00\" \/>\n<meta property=\"og:image\" content=\"https:\/\/quiroesencia.com\/wp-content\/uploads\/2025\/01\/imagen-del-sitio.webp\" \/>\n\t<meta property=\"og:image:width\" content=\"1200\" \/>\n\t<meta property=\"og:image:height\" content=\"675\" \/>\n\t<meta property=\"og:image:type\" content=\"image\/webp\" \/>\n<meta name=\"twitter:card\" content=\"summary_large_image\" \/>\n<meta name=\"twitter:site\" content=\"@quiroesencia\" \/>\n<meta name=\"twitter:label1\" content=\"Est. reading time\" \/>\n\t<meta name=\"twitter:data1\" content=\"1 minute\" \/>\n<script type=\"application\/ld+json\" class=\"yoast-schema-graph\">{\"@context\":\"https:\\\/\\\/schema.org\",\"@graph\":[{\"@type\":[\"WebPage\",\"CheckoutPage\"],\"@id\":\"https:\\\/\\\/quiroesencia.com\\\/pack-bonos-de-servicios\\\/\",\"url\":\"https:\\\/\\\/quiroesencia.com\\\/pack-bonos-de-servicios\\\/\",\"name\":\"Pack - Bonos de Servicios\",\"isPartOf\":{\"@id\":\"https:\\\/\\\/quiroesencia.com\\\/#website\"},\"datePublished\":\"2025-02-01T12:11:10+00:00\",\"dateModified\":\"2026-01-30T22:30:39+00:00\",\"breadcrumb\":{\"@id\":\"https:\\\/\\\/quiroesencia.com\\\/pack-bonos-de-servicios\\\/#breadcrumb\"},\"inLanguage\":\"en-US\",\"potentialAction\":[{\"@type\":\"ReadAction\",\"target\":[\"https:\\\/\\\/quiroesencia.com\\\/pack-bonos-de-servicios\\\/\"]}]},{\"@type\":\"BreadcrumbList\",\"@id\":\"https:\\\/\\\/quiroesencia.com\\\/pack-bonos-de-servicios\\\/#breadcrumb\",\"itemListElement\":[{\"@type\":\"ListItem\",\"position\":1,\"name\":\"Portada\",\"item\":\"https:\\\/\\\/quiroesencia.com\\\/\"},{\"@type\":\"ListItem\",\"position\":2,\"name\":\"Pack &#8211; Bonos de Servicios\"}]},{\"@type\":\"WebSite\",\"@id\":\"https:\\\/\\\/quiroesencia.com\\\/#website\",\"url\":\"https:\\\/\\\/quiroesencia.com\\\/\",\"name\":\"Quiroesencia\",\"description\":\"Masaje, Yoga y Osteopat\u00eda en Granada Centro\",\"publisher\":{\"@id\":\"https:\\\/\\\/quiroesencia.com\\\/#organization\"},\"alternateName\":\"Quiroesencia\",\"potentialAction\":[{\"@type\":\"SearchAction\",\"target\":{\"@type\":\"EntryPoint\",\"urlTemplate\":\"https:\\\/\\\/quiroesencia.com\\\/?s={search_term_string}\"},\"query-input\":{\"@type\":\"PropertyValueSpecification\",\"valueRequired\":true,\"valueName\":\"search_term_string\"}}],\"inLanguage\":\"en-US\"},{\"@type\":[\"Organization\",\"Place\",\"HealthAndBeautyBusiness\"],\"@id\":\"https:\\\/\\\/quiroesencia.com\\\/#organization\",\"name\":\"Quiroesencia\",\"alternateName\":\"Quiroesencia\",\"url\":\"https:\\\/\\\/quiroesencia.com\\\/\",\"logo\":{\"@id\":\"https:\\\/\\\/quiroesencia.com\\\/pack-bonos-de-servicios\\\/#local-main-organization-logo\"},\"image\":{\"@id\":\"https:\\\/\\\/quiroesencia.com\\\/pack-bonos-de-servicios\\\/#local-main-organization-logo\"},\"sameAs\":[\"https:\\\/\\\/www.facebook.com\\\/QuiroesenciaGranada\",\"https:\\\/\\\/x.com\\\/quiroesencia\",\"https:\\\/\\\/es.pinterest.com\\\/QuiroesenciaGranada\\\/\",\"https:\\\/\\\/www.instagram.com\\\/quiroesencia\\\/\"],\"description\":\"Quiroesencia es un centro de bienestar en el centro de Granada, ofrecemos masajes deportivos y relajantes, espec\u00edficamente dise\u00f1ados para la recuperaci\u00f3n muscular, la mejora de la circulaci\u00f3n y la reducci\u00f3n del estr\u00e9s. Los terapeutas tienen una s\u00f3lida formaci\u00f3n en t\u00e9cnicas avanzadas, lo que garantiza resultados efectivos, especialmente para atletas y personas que necesitan tratamientos m\u00e1s intensivos o personalizados.\",\"legalName\":\"Granada Wellnes S.L.\",\"numberOfEmployees\":{\"@type\":\"QuantitativeValue\",\"minValue\":\"1\",\"maxValue\":\"10\"},\"ownershipFundingInfo\":\"https:\\\/\\\/quiroesencia.com\\\/aviso-legal\\\/\",\"actionableFeedbackPolicy\":\"https:\\\/\\\/quiroesencia.com\\\/politica-de-privacidad\\\/\",\"ethicsPolicy\":\"https:\\\/\\\/quiroesencia.com\\\/normas-generales-de-uso-de-nuestras-instalaciones\\\/\",\"address\":{\"@id\":\"https:\\\/\\\/quiroesencia.com\\\/pack-bonos-de-servicios\\\/#local-main-place-address\"},\"geo\":{\"@type\":\"GeoCoordinates\",\"latitude\":\"37.1796228\",\"longitude\":\"-3.6021412\"},\"telephone\":[\"+34621217595\"],\"contactPoint\":{\"@type\":\"ContactPoint\",\"telephone\":\"+34621217595\",\"email\":\"info@quiroesencia.com\"},\"openingHoursSpecification\":[{\"@type\":\"OpeningHoursSpecification\",\"dayOfWeek\":[\"Monday\",\"Tuesday\",\"Wednesday\",\"Thursday\",\"Friday\"],\"opens\":\"09:00\",\"closes\":\"21:00\"},{\"@type\":\"OpeningHoursSpecification\",\"dayOfWeek\":[\"Saturday\"],\"opens\":\"11:00\",\"closes\":\"21:00\"},{\"@type\":\"OpeningHoursSpecification\",\"dayOfWeek\":[\"Sunday\"],\"opens\":\"00:00\",\"closes\":\"00:00\"}],\"email\":\"info@quiroesencia.com\",\"areaServed\":\"Granada, Andaluc\u00eda, Espa\u00f1a\",\"vatID\":\"B19902097\",\"priceRange\":\"\u20ac\u20ac\"},{\"@type\":\"PostalAddress\",\"@id\":\"https:\\\/\\\/quiroesencia.com\\\/pack-bonos-de-servicios\\\/#local-main-place-address\",\"streetAddress\":\"Calle San Jer\u00f3nimo, 48, local\",\"addressLocality\":\"Granada\",\"postalCode\":\"18001\",\"addressRegion\":\"Andalucia\",\"addressCountry\":\"ES\"},{\"@type\":\"ImageObject\",\"inLanguage\":\"en-US\",\"@id\":\"https:\\\/\\\/quiroesencia.com\\\/pack-bonos-de-servicios\\\/#local-main-organization-logo\",\"url\":\"https:\\\/\\\/quiroesencia.com\\\/wp-content\\\/uploads\\\/2025\\\/02\\\/Estrella-azul-y-blanco-roto_1.webp\",\"contentUrl\":\"https:\\\/\\\/quiroesencia.com\\\/wp-content\\\/uploads\\\/2025\\\/02\\\/Estrella-azul-y-blanco-roto_1.webp\",\"width\":96,\"height\":95,\"caption\":\"Quiroesencia\"}]}<\/script>\n<meta name=\"geo.placename\" content=\"Granada\" \/>\n<meta name=\"geo.position\" content=\"37.1796228;-3.6021412\" \/>\n<meta name=\"geo.region\" content=\"Spain\" \/>\n<!-- \/ Yoast SEO Premium plugin. -->","yoast_head_json":{"title":"Pack - Service Bonuses","robots":{"index":"noindex","follow":"follow"},"og_locale":"en_US","og_type":"article","og_title":"Pack - Bonos de Servicios","og_description":"Reserva tu Pack &#8211; Bono Cuida de ti como te mereces Disfruta de experiencias que [&hellip;]","og_url":"https:\/\/quiroesencia.com\/en\/service-voucher-pack\/","og_site_name":"Quiroesencia","article_publisher":"https:\/\/www.facebook.com\/QuiroesenciaGranada","article_modified_time":"2026-01-30T22:30:39+00:00","og_image":[{"width":1200,"height":675,"url":"https:\/\/quiroesencia.com\/wp-content\/uploads\/2025\/01\/imagen-del-sitio.webp","type":"image\/webp"}],"twitter_card":"summary_large_image","twitter_site":"@quiroesencia","twitter_misc":{"Est. reading time":"1 minute"},"schema":{"@context":"https:\/\/schema.org","@graph":[{"@type":["WebPage","CheckoutPage"],"@id":"https:\/\/quiroesencia.com\/pack-bonos-de-servicios\/","url":"https:\/\/quiroesencia.com\/pack-bonos-de-servicios\/","name":"Pack - Service Bonuses","isPartOf":{"@id":"https:\/\/quiroesencia.com\/#website"},"datePublished":"2025-02-01T12:11:10+00:00","dateModified":"2026-01-30T22:30:39+00:00","breadcrumb":{"@id":"https:\/\/quiroesencia.com\/pack-bonos-de-servicios\/#breadcrumb"},"inLanguage":"en-US","potentialAction":[{"@type":"ReadAction","target":["https:\/\/quiroesencia.com\/pack-bonos-de-servicios\/"]}]},{"@type":"BreadcrumbList","@id":"https:\/\/quiroesencia.com\/pack-bonos-de-servicios\/#breadcrumb","itemListElement":[{"@type":"ListItem","position":1,"name":"Portada","item":"https:\/\/quiroesencia.com\/"},{"@type":"ListItem","position":2,"name":"Pack &#8211; Bonos de Servicios"}]},{"@type":"WebSite","@id":"https:\/\/quiroesencia.com\/#website","url":"https:\/\/quiroesencia.com\/","name":"Quiroesencia","description":"Massage, Yoga and Osteopathy in Granada City Centre","publisher":{"@id":"https:\/\/quiroesencia.com\/#organization"},"alternateName":"Quiroesencia","potentialAction":[{"@type":"SearchAction","target":{"@type":"EntryPoint","urlTemplate":"https:\/\/quiroesencia.com\/?s={search_term_string}"},"query-input":{"@type":"PropertyValueSpecification","valueRequired":true,"valueName":"search_term_string"}}],"inLanguage":"en-US"},{"@type":["Organization","Place","HealthAndBeautyBusiness"],"@id":"https:\/\/quiroesencia.com\/#organization","name":"Quiroesencia","alternateName":"Quiroesencia","url":"https:\/\/quiroesencia.com\/","logo":{"@id":"https:\/\/quiroesencia.com\/pack-bonos-de-servicios\/#local-main-organization-logo"},"image":{"@id":"https:\/\/quiroesencia.com\/pack-bonos-de-servicios\/#local-main-organization-logo"},"sameAs":["https:\/\/www.facebook.com\/QuiroesenciaGranada","https:\/\/x.com\/quiroesencia","https:\/\/es.pinterest.com\/QuiroesenciaGranada\/","https:\/\/www.instagram.com\/quiroesencia\/"],"description":"Quiroesencia is a wellness center in the heart of Granada, offering sports and relaxation massages specifically designed for muscle recovery, improved circulation, and stress reduction. Our therapists are highly trained in advanced techniques, ensuring effective results, especially for athletes and those requiring more intensive or personalized treatments.","legalName":"Granada Wellnes S.L.","numberOfEmployees":{"@type":"QuantitativeValue","minValue":"1","maxValue":"10"},"ownershipFundingInfo":"https:\/\/quiroesencia.com\/aviso-legal\/","actionableFeedbackPolicy":"https:\/\/quiroesencia.com\/politica-de-privacidad\/","ethicsPolicy":"https:\/\/quiroesencia.com\/normas-generales-de-uso-de-nuestras-instalaciones\/","address":{"@id":"https:\/\/quiroesencia.com\/pack-bonos-de-servicios\/#local-main-place-address"},"geo":{"@type":"GeoCoordinates","latitude":"37.1796228","longitude":"-3.6021412"},"telephone":["+34621217595"],"contactPoint":{"@type":"ContactPoint","telephone":"+34621217595","email":"info@quiroesencia.com"},"openingHoursSpecification":[{"@type":"OpeningHoursSpecification","dayOfWeek":["Monday","Tuesday","Wednesday","Thursday","Friday"],"opens":"09:00","closes":"21:00"},{"@type":"OpeningHoursSpecification","dayOfWeek":["Saturday"],"opens":"11:00","closes":"21:00"},{"@type":"OpeningHoursSpecification","dayOfWeek":["Sunday"],"opens":"00:00","closes":"00:00"}],"email":"info@quiroesencia.com","areaServed":"Granada, Andaluc\u00eda, Espa\u00f1a","vatID":"B19902097","priceRange":"\u20ac\u20ac"},{"@type":"PostalAddress","@id":"https:\/\/quiroesencia.com\/pack-bonos-de-servicios\/#local-main-place-address","streetAddress":"Calle San Jer\u00f3nimo, 48, local","addressLocality":"Granada","postalCode":"18001","addressRegion":"Andalucia","addressCountry":"ES"},{"@type":"ImageObject","inLanguage":"en-US","@id":"https:\/\/quiroesencia.com\/pack-bonos-de-servicios\/#local-main-organization-logo","url":"https:\/\/quiroesencia.com\/wp-content\/uploads\/2025\/02\/Estrella-azul-y-blanco-roto_1.webp","contentUrl":"https:\/\/quiroesencia.com\/wp-content\/uploads\/2025\/02\/Estrella-azul-y-blanco-roto_1.webp","width":96,"height":95,"caption":"Quiroesencia"}]},"geo.placename":"Granada","geo.position":{"lat":"37.1796228","long":"-3.6021412"},"geo.region":"Spain"},"_links":{"self":[{"href":"https:\/\/quiroesencia.com\/en\/wp-json\/wp\/v2\/pages\/3759","targetHints":{"allow":["GET"]}}],"collection":[{"href":"https:\/\/quiroesencia.com\/en\/wp-json\/wp\/v2\/pages"}],"about":[{"href":"https:\/\/quiroesencia.com\/en\/wp-json\/wp\/v2\/types\/page"}],"author":[{"embeddable":true,"href":"https:\/\/quiroesencia.com\/en\/wp-json\/wp\/v2\/users\/1"}],"replies":[{"embeddable":true,"href":"https:\/\/quiroesencia.com\/en\/wp-json\/wp\/v2\/comments?post=3759"}],"version-history":[{"count":0,"href":"https:\/\/quiroesencia.com\/en\/wp-json\/wp\/v2\/pages\/3759\/revisions"}],"wp:attachment":[{"href":"https:\/\/quiroesencia.com\/en\/wp-json\/wp\/v2\/media?parent=3759"}],"curies":[{"name":"wp","href":"https:\/\/api.w.org\/{rel}","templated":true}]}}