{"id":391,"date":"2025-01-03T12:01:33","date_gmt":"2025-01-03T12:01:33","guid":{"rendered":"https:\/\/quiroesencia.com\/?page_id=391"},"modified":"2026-02-06T13:01:50","modified_gmt":"2026-02-06T12:01:50","slug":"legal-notice","status":"publish","type":"page","link":"https:\/\/quiroesencia.com\/en\/aviso-legal\/","title":{"rendered":"Legal Notice"},"content":{"rendered":"<div class=\"wp-block-stackable-columns alignfull stk-block-columns stk-block stk-f33221f\" data-block-id=\"f33221f\"><style>.stk-f33221f {margin-top:50px !important;margin-bottom:50px !important;}<\/style><div class=\"stk-row stk-inner-blocks stk-block-content stk-content-align stk-f33221f-column\">\n<div class=\"wp-block-stackable-column stk-block-column stk-column stk-block stk-51bafb5\" data-v=\"4\" data-block-id=\"51bafb5\"><div class=\"stk-column-wrapper stk-block-column__content stk-container stk-51bafb5-container stk--no-background stk--no-padding\"><div class=\"stk-block-content stk-inner-blocks stk-51bafb5-inner-blocks\">\n<div class=\"wp-block-stackable-heading stk-block-heading stk-block-heading--v2 stk-block stk-5e2a253\" id=\"aviso-legal\" data-block-id=\"5e2a253\"><style>.stk-5e2a253 .stk-block-heading__bottom-line{height:2px !important;width:100% !important;background-color:var(--ast-global-color-0) !important;margin-top:10px !important;}.stk-5e2a253 .stk-block-heading__text{font-size:60px !important;}@media screen and (max-width: 1023px){.stk-5e2a253 .stk-block-heading__text{font-size:50px !important;}}<\/style><h1 class=\"stk-block-heading__text\">Legal Notice<\/h1><div class=\"stk-block-heading__bottom-line\"><\/div><\/div>\n\n\n\n<p>In compliance with Law 34\/2002, of July 11, on Information Society Services and Electronic Commerce, we inform you of the following information:<\/p>\n\n\n\n<div class=\"wp-block-stackable-heading stk-block-heading stk-block-heading--v2 stk-block stk-7be6933\" id=\"titular-de-este-sitio-nbsp\" data-block-id=\"7be6933\"><style>.stk-7be6933 .stk-block-heading__text{font-size:40px !important;}@media screen and (max-width: 1023px){.stk-7be6933 .stk-block-heading__text{font-size:40px !important;}}<\/style><h2 class=\"stk-block-heading__text\">Owner of this site:&nbsp;<\/h2><\/div>\n\n\n\n<p><strong>GRANADA WELLNESS, SL\u00a0<\/strong><br>CIF: B19902097<br>Address: Calle San Jer\u00f3nimo 48, local, 18001 Granada<br>Tel: 621 21 75 95<br>Email:\u00a0<a href=\"mailto:quiroesencia@gmail.com\">info@quiroesencia.com<\/a><\/p>\n\n\n\n<p>The use of the content and\/or services of the portal by the user implies the express acceptance of the following conditions:<br><br><strong>Terms of use of the portal<\/strong><\/p>\n\n\n\n<p><strong>GRANADA WELLNESS, SL&nbsp;<\/strong>reserves the right to make changes to the content of this portal without prior notice, as well as to its configuration and presentation. This portal may contain links to external pages, not being&nbsp;<strong>GRANADA WELLNESS, SL&nbsp;<\/strong>responsible for the content of such external pages or any other aspect related to them.<\/p>\n\n\n\n<p>The texts, images, logos and other content included in this portal are the property of&nbsp;<strong>GRANADA WELLNESS, SL&nbsp;<\/strong>Transmission, distribution, reproduction or storage, in whole or in part, is prohibited, except with the prior consent of&nbsp;<strong>GRANADA WELLNESS, SL,<\/strong>&nbsp;and unless otherwise indicated.<\/p>\n\n\n\n<p>In order to install or use any software that is made available for download from this site, you must first accept the terms of the license agreement, if any, that accompanies or is included with the software.&nbsp;<strong>GRANADA WELLNESS, SL&nbsp;<\/strong>is not responsible for any possible damage that may occur due to the use of outdated versions of browsers, or for any consequences that may arise from the malfunctioning of the browser, whether due to improper configuration, the presence of computer viruses or any other cause beyond its control.&nbsp;<strong>GRANADA WELLNESS, SL&nbsp;<\/strong><strong>Protection of personal data<\/strong><\/p>\n\n\n\n<p>In compliance with Organic Law 3\/2018, of December 5, on the Protection of Personal Data and guarantee of digital rights,&nbsp;<strong>GRANADA WELLNESS, SL&nbsp;<\/strong>informs you that the personal data that you provide us when completing any registration form, request or query that appears on this website will be processed and collected in a data processing activity (called &quot;<strong>WEB USERS<\/strong>\u201d) whose responsible party is&nbsp;<strong>GRANADA WELLNESS, SL&nbsp;<\/strong><\/p>\n\n\n\n<p>To exercise your rights of access, rectification, opposition, deletion, portability and limitation to the processing of your personal data, under the terms and conditions provided for in the current regulations on data protection, you can communicate this in writing to\u00a0<strong>GRANADA WELLNESS, SL,<\/strong>\u00a0 Calle San Jer\u00f3nimo 48, local, 18001 Granada.<\/p>\n\n\n\n<p>The collection of your personal data is carried out with the main purpose of being able to offer and provide you with the products and\/or services offered on this website.<\/p>\n\n\n\n<p><strong>GRANADA WELLNESS, SL&nbsp;<\/strong>will use the personal data provided by you exclusively for the purposes indicated.<\/p>\n\n\n\n<p>We do not share the information provided with third parties unless required by law or legal proceedings, and under no circumstances do we sell this type of information.<\/p>\n\n\n\n<p><strong>GRANADA WELLNESS, SL&nbsp;<\/strong>informs you that it has implemented the necessary technical and organizational security measures to guarantee the security of your personal data and prevent its alteration, loss, processing and\/or unauthorized access, in accordance with the provisions of Organic Law 3\/2018, of December 5, on the Protection of Personal Data and the Guarantee of Digital Rights.<strong>Applicable legislation and jurisdiction<\/strong><\/p>\n\n\n\n<p>This Legal Notice is governed in each and every one of its aspects by Spanish law, and the Courts and Tribunals of Granada shall be competent to resolve any conflict arising from or related to the use of this portal.<\/p>\n<\/div><\/div><\/div>\n<\/div><\/div>","protected":false},"excerpt":{"rendered":"<p>Aviso Legal En cumplimiento de la Ley 34\/2002, de 11 de Julio, de Servicios de [&hellip;]<\/p>\n","protected":false},"author":1,"featured_media":0,"parent":0,"menu_order":0,"comment_status":"closed","ping_status":"closed","template":"","meta":{"site-sidebar-layout":"default","site-content-layout":"","ast-site-content-layout":"","site-content-style":"default","site-sidebar-style":"default","ast-global-header-display":"","ast-banner-title-visibility":"","ast-main-header-display":"","ast-hfb-above-header-display":"","ast-hfb-below-header-display":"","ast-hfb-mobile-header-display":"","site-post-title":"disabled","ast-breadcrumbs-content":"","ast-featured-img":"","footer-sml-layout":"","ast-disable-related-posts":"","theme-transparent-header-meta":"","adv-header-id-meta":"","stick-header-meta":"","header-above-stick-meta":"","header-main-stick-meta":"","header-below-stick-meta":"","astra-migrate-meta-layouts":"default","ast-page-background-enabled":"default","ast-page-background-meta":{"desktop":{"background-color":"var(--ast-global-color-4)","background-image":"","background-repeat":"repeat","background-position":"center center","background-size":"auto","background-attachment":"scroll","background-type":"","background-media":"","overlay-type":"","overlay-color":"","overlay-opacity":"","overlay-gradient":""},"tablet":{"background-color":"","background-image":"","background-repeat":"repeat","background-position":"center center","background-size":"auto","background-attachment":"scroll","background-type":"","background-media":"","overlay-type":"","overlay-color":"","overlay-opacity":"","overlay-gradient":""},"mobile":{"background-color":"","background-image":"","background-repeat":"repeat","background-position":"center center","background-size":"auto","background-attachment":"scroll","background-type":"","background-media":"","overlay-type":"","overlay-color":"","overlay-opacity":"","overlay-gradient":""}},"ast-content-background-meta":{"desktop":{"background-color":"var(--ast-global-color-5)","background-image":"","background-repeat":"repeat","background-position":"center center","background-size":"auto","background-attachment":"scroll","background-type":"","background-media":"","overlay-type":"","overlay-color":"","overlay-opacity":"","overlay-gradient":""},"tablet":{"background-color":"var(--ast-global-color-5)","background-image":"","background-repeat":"repeat","background-position":"center center","background-size":"auto","background-attachment":"scroll","background-type":"","background-media":"","overlay-type":"","overlay-color":"","overlay-opacity":"","overlay-gradient":""},"mobile":{"background-color":"var(--ast-global-color-5)","background-image":"","background-repeat":"repeat","background-position":"center center","background-size":"auto","background-attachment":"scroll","background-type":"","background-media":"","overlay-type":"","overlay-color":"","overlay-opacity":"","overlay-gradient":""}},"_joinchat":[],"footnotes":""},"class_list":["post-391","page","type-page","status-publish","hentry"],"yoast_head":"<!-- This site is optimized with the Yoast SEO Premium plugin v27.3 (Yoast SEO v27.3) - https:\/\/yoast.com\/product\/yoast-seo-premium-wordpress\/ -->\n<title>Aviso Legal<\/title>\n<meta name=\"description\" content=\"Conozca el Aviso Legal de Quiroesencia y las condiciones de uso del portal. Inf\u00f3rmese sobre nuestras pol\u00edticas.\" \/>\n<meta name=\"robots\" content=\"index, nofollow, max-snippet:-1, max-image-preview:large, max-video-preview:-1\" \/>\n<link rel=\"canonical\" href=\"https:\/\/quiroesencia.com\/en\/legal-notice\/\" \/>\n<meta property=\"og:locale\" content=\"en_US\" \/>\n<meta property=\"og:type\" content=\"article\" \/>\n<meta property=\"og:title\" content=\"Aviso Legal\" \/>\n<meta property=\"og:description\" content=\"Conozca el Aviso Legal de Quiroesencia y las condiciones de uso del portal. Inf\u00f3rmese sobre nuestras pol\u00edticas.\" \/>\n<meta property=\"og:url\" content=\"https:\/\/quiroesencia.com\/en\/legal-notice\/\" \/>\n<meta property=\"og:site_name\" content=\"Quiroesencia\" \/>\n<meta property=\"article:publisher\" content=\"https:\/\/www.facebook.com\/QuiroesenciaGranada\" \/>\n<meta property=\"article:modified_time\" content=\"2026-02-06T12:01:50+00:00\" \/>\n<meta property=\"og:image\" content=\"https:\/\/quiroesencia.com\/wp-content\/uploads\/2025\/01\/imagen-del-sitio.webp\" \/>\n\t<meta property=\"og:image:width\" content=\"1200\" \/>\n\t<meta property=\"og:image:height\" content=\"675\" \/>\n\t<meta property=\"og:image:type\" content=\"image\/webp\" \/>\n<meta name=\"twitter:card\" content=\"summary_large_image\" \/>\n<meta name=\"twitter:site\" content=\"@quiroesencia\" \/>\n<meta name=\"twitter:label1\" content=\"Est. reading time\" \/>\n\t<meta name=\"twitter:data1\" content=\"3 minutes\" \/>\n<script type=\"application\/ld+json\" class=\"yoast-schema-graph\">{\"@context\":\"https:\\\/\\\/schema.org\",\"@graph\":[{\"@type\":[\"Article\",\"BlogPosting\"],\"@id\":\"https:\\\/\\\/quiroesencia.com\\\/aviso-legal\\\/#article\",\"isPartOf\":{\"@id\":\"https:\\\/\\\/quiroesencia.com\\\/aviso-legal\\\/\"},\"author\":{\"name\":\"jesus\",\"@id\":\"https:\\\/\\\/quiroesencia.com\\\/#\\\/schema\\\/person\\\/7480ed2c085e6ae29ae49ac519a8b66f\"},\"headline\":\"Aviso Legal\",\"datePublished\":\"2025-01-03T12:01:33+00:00\",\"dateModified\":\"2026-02-06T12:01:50+00:00\",\"mainEntityOfPage\":{\"@id\":\"https:\\\/\\\/quiroesencia.com\\\/aviso-legal\\\/\"},\"wordCount\":659,\"publisher\":{\"@id\":\"https:\\\/\\\/quiroesencia.com\\\/#organization\"},\"inLanguage\":\"en-US\"},{\"@type\":\"WebPage\",\"@id\":\"https:\\\/\\\/quiroesencia.com\\\/aviso-legal\\\/\",\"url\":\"https:\\\/\\\/quiroesencia.com\\\/aviso-legal\\\/\",\"name\":\"Aviso Legal\",\"isPartOf\":{\"@id\":\"https:\\\/\\\/quiroesencia.com\\\/#website\"},\"datePublished\":\"2025-01-03T12:01:33+00:00\",\"dateModified\":\"2026-02-06T12:01:50+00:00\",\"description\":\"Conozca el Aviso Legal de Quiroesencia y las condiciones de uso del portal. Inf\u00f3rmese sobre nuestras pol\u00edticas.\",\"breadcrumb\":{\"@id\":\"https:\\\/\\\/quiroesencia.com\\\/aviso-legal\\\/#breadcrumb\"},\"inLanguage\":\"en-US\",\"potentialAction\":[{\"@type\":\"ReadAction\",\"target\":[\"https:\\\/\\\/quiroesencia.com\\\/aviso-legal\\\/\"]}]},{\"@type\":\"BreadcrumbList\",\"@id\":\"https:\\\/\\\/quiroesencia.com\\\/aviso-legal\\\/#breadcrumb\",\"itemListElement\":[{\"@type\":\"ListItem\",\"position\":1,\"name\":\"Portada\",\"item\":\"https:\\\/\\\/quiroesencia.com\\\/\"},{\"@type\":\"ListItem\",\"position\":2,\"name\":\"Aviso Legal\"}]},{\"@type\":\"WebSite\",\"@id\":\"https:\\\/\\\/quiroesencia.com\\\/#website\",\"url\":\"https:\\\/\\\/quiroesencia.com\\\/\",\"name\":\"Quiroesencia\",\"description\":\"Quiroesencia | Masaje y yoga\",\"publisher\":{\"@id\":\"https:\\\/\\\/quiroesencia.com\\\/#organization\"},\"alternateName\":\"Quiroesencia\",\"potentialAction\":[{\"@type\":\"SearchAction\",\"target\":{\"@type\":\"EntryPoint\",\"urlTemplate\":\"https:\\\/\\\/quiroesencia.com\\\/?s={search_term_string}\"},\"query-input\":{\"@type\":\"PropertyValueSpecification\",\"valueRequired\":true,\"valueName\":\"search_term_string\"}}],\"inLanguage\":\"en-US\"},{\"@type\":[\"Organization\",\"Place\",\"LocalBusiness\"],\"@id\":\"https:\\\/\\\/quiroesencia.com\\\/#organization\",\"name\":\"Quiroesencia\",\"alternateName\":\"Quiroesencia\",\"url\":\"https:\\\/\\\/quiroesencia.com\\\/\",\"logo\":{\"@id\":\"https:\\\/\\\/quiroesencia.com\\\/aviso-legal\\\/#local-main-organization-logo\"},\"image\":{\"@id\":\"https:\\\/\\\/quiroesencia.com\\\/aviso-legal\\\/#local-main-organization-logo\"},\"sameAs\":[\"https:\\\/\\\/www.facebook.com\\\/QuiroesenciaGranada\",\"https:\\\/\\\/x.com\\\/quiroesencia\",\"https:\\\/\\\/es.pinterest.com\\\/QuiroesenciaGranada\\\/\",\"https:\\\/\\\/www.instagram.com\\\/quiroesencia\\\/\"],\"description\":\"Quiroesencia es un centro de bienestar en el centro de Granada, ofrecemos masajes deportivos y relajantes, espec\u00edficamente dise\u00f1ados para la recuperaci\u00f3n muscular, la mejora de la circulaci\u00f3n y la reducci\u00f3n del estr\u00e9s. Los terapeutas tienen una s\u00f3lida formaci\u00f3n en t\u00e9cnicas avanzadas, lo que garantiza resultados efectivos, especialmente para atletas y personas que necesitan tratamientos m\u00e1s intensivos o personalizados.\",\"legalName\":\"Granada Wellnes S.L.\",\"numberOfEmployees\":{\"@type\":\"QuantitativeValue\",\"minValue\":\"1\",\"maxValue\":\"10\"},\"ownershipFundingInfo\":\"https:\\\/\\\/quiroesencia.com\\\/aviso-legal\\\/\",\"actionableFeedbackPolicy\":\"https:\\\/\\\/quiroesencia.com\\\/politica-de-privacidad\\\/\",\"ethicsPolicy\":\"https:\\\/\\\/quiroesencia.com\\\/normas-generales-de-uso-de-nuestras-instalaciones\\\/\",\"address\":{\"@id\":\"https:\\\/\\\/quiroesencia.com\\\/aviso-legal\\\/#local-main-place-address\"},\"geo\":{\"@type\":\"GeoCoordinates\",\"latitude\":\"37.1796228\",\"longitude\":\"-3.6021412\"},\"telephone\":[\"+34621217595\"],\"contactPoint\":{\"@type\":\"ContactPoint\",\"telephone\":\"+34621217595\",\"email\":\"info@quiroesencia.com\"},\"openingHoursSpecification\":[{\"@type\":\"OpeningHoursSpecification\",\"dayOfWeek\":[\"Monday\",\"Tuesday\",\"Wednesday\",\"Thursday\",\"Friday\"],\"opens\":\"09:00\",\"closes\":\"21:00\"},{\"@type\":\"OpeningHoursSpecification\",\"dayOfWeek\":[\"Saturday\",\"Sunday\"],\"opens\":\"00:00\",\"closes\":\"00:00\"}],\"email\":\"info@quiroesencia.com\",\"vatID\":\"B19902097\",\"priceRange\":\"$$\"},{\"@type\":\"Person\",\"@id\":\"https:\\\/\\\/quiroesencia.com\\\/#\\\/schema\\\/person\\\/7480ed2c085e6ae29ae49ac519a8b66f\",\"name\":\"jesus\",\"image\":{\"@type\":\"ImageObject\",\"inLanguage\":\"en-US\",\"@id\":\"https:\\\/\\\/quiroesencia.com\\\/wp-content\\\/litespeed\\\/avatar\\\/2e443c1c8b1834114f0ba969f6e37823.jpg?ver=1775336638\",\"url\":\"https:\\\/\\\/quiroesencia.com\\\/wp-content\\\/litespeed\\\/avatar\\\/2e443c1c8b1834114f0ba969f6e37823.jpg?ver=1775336638\",\"contentUrl\":\"https:\\\/\\\/quiroesencia.com\\\/wp-content\\\/litespeed\\\/avatar\\\/2e443c1c8b1834114f0ba969f6e37823.jpg?ver=1775336638\",\"caption\":\"jesus\"},\"sameAs\":[\"https:\\\/\\\/quiroesencia.com\"]},{\"@type\":\"PostalAddress\",\"@id\":\"https:\\\/\\\/quiroesencia.com\\\/aviso-legal\\\/#local-main-place-address\",\"streetAddress\":\"Calle San Jer\u00f3nimo, 48, local, Centro,\",\"addressLocality\":\"Granada\",\"postalCode\":\"18001\",\"addressCountry\":\"ES\"},{\"@type\":\"ImageObject\",\"inLanguage\":\"en-US\",\"@id\":\"https:\\\/\\\/quiroesencia.com\\\/aviso-legal\\\/#local-main-organization-logo\",\"url\":\"https:\\\/\\\/quiroesencia.com\\\/wp-content\\\/uploads\\\/2025\\\/02\\\/Estrella-azul-y-blanco-roto_1.webp\",\"contentUrl\":\"https:\\\/\\\/quiroesencia.com\\\/wp-content\\\/uploads\\\/2025\\\/02\\\/Estrella-azul-y-blanco-roto_1.webp\",\"width\":96,\"height\":95,\"caption\":\"Quiroesencia\"}]}<\/script>\n<meta name=\"geo.placename\" content=\"Granada\" \/>\n<meta name=\"geo.position\" content=\"37.1796228;-3.6021412\" \/>\n<meta name=\"geo.region\" content=\"Spain\" \/>\n<!-- \/ Yoast SEO Premium plugin. -->","yoast_head_json":{"title":"Legal Notice","description":"Read Quiroesencia&#039;s Legal Notice and the portal&#039;s terms of use. Learn about our policies.","robots":{"index":"index","follow":"nofollow","max-snippet":"max-snippet:-1","max-image-preview":"max-image-preview:large","max-video-preview":"max-video-preview:-1"},"canonical":"https:\/\/quiroesencia.com\/en\/legal-notice\/","og_locale":"en_US","og_type":"article","og_title":"Aviso Legal","og_description":"Conozca el Aviso Legal de Quiroesencia y las condiciones de uso del portal. Inf\u00f3rmese sobre nuestras pol\u00edticas.","og_url":"https:\/\/quiroesencia.com\/en\/legal-notice\/","og_site_name":"Quiroesencia","article_publisher":"https:\/\/www.facebook.com\/QuiroesenciaGranada","article_modified_time":"2026-02-06T12:01:50+00:00","og_image":[{"width":1200,"height":675,"url":"https:\/\/quiroesencia.com\/wp-content\/uploads\/2025\/01\/imagen-del-sitio.webp","type":"image\/webp"}],"twitter_card":"summary_large_image","twitter_site":"@quiroesencia","twitter_misc":{"Est. reading time":"3 minutes"},"schema":{"@context":"https:\/\/schema.org","@graph":[{"@type":["Article","BlogPosting"],"@id":"https:\/\/quiroesencia.com\/aviso-legal\/#article","isPartOf":{"@id":"https:\/\/quiroesencia.com\/aviso-legal\/"},"author":{"name":"jesus","@id":"https:\/\/quiroesencia.com\/#\/schema\/person\/7480ed2c085e6ae29ae49ac519a8b66f"},"headline":"Aviso Legal","datePublished":"2025-01-03T12:01:33+00:00","dateModified":"2026-02-06T12:01:50+00:00","mainEntityOfPage":{"@id":"https:\/\/quiroesencia.com\/aviso-legal\/"},"wordCount":659,"publisher":{"@id":"https:\/\/quiroesencia.com\/#organization"},"inLanguage":"en-US"},{"@type":"WebPage","@id":"https:\/\/quiroesencia.com\/aviso-legal\/","url":"https:\/\/quiroesencia.com\/aviso-legal\/","name":"Legal Notice","isPartOf":{"@id":"https:\/\/quiroesencia.com\/#website"},"datePublished":"2025-01-03T12:01:33+00:00","dateModified":"2026-02-06T12:01:50+00:00","description":"Read Quiroesencia&#039;s Legal Notice and the portal&#039;s terms of use. Learn about our policies.","breadcrumb":{"@id":"https:\/\/quiroesencia.com\/aviso-legal\/#breadcrumb"},"inLanguage":"en-US","potentialAction":[{"@type":"ReadAction","target":["https:\/\/quiroesencia.com\/aviso-legal\/"]}]},{"@type":"BreadcrumbList","@id":"https:\/\/quiroesencia.com\/aviso-legal\/#breadcrumb","itemListElement":[{"@type":"ListItem","position":1,"name":"Portada","item":"https:\/\/quiroesencia.com\/"},{"@type":"ListItem","position":2,"name":"Aviso Legal"}]},{"@type":"WebSite","@id":"https:\/\/quiroesencia.com\/#website","url":"https:\/\/quiroesencia.com\/","name":"Quiroesencia","description":"Quiroesencia | Massage and yoga","publisher":{"@id":"https:\/\/quiroesencia.com\/#organization"},"alternateName":"Quiroesencia","potentialAction":[{"@type":"SearchAction","target":{"@type":"EntryPoint","urlTemplate":"https:\/\/quiroesencia.com\/?s={search_term_string}"},"query-input":{"@type":"PropertyValueSpecification","valueRequired":true,"valueName":"search_term_string"}}],"inLanguage":"en-US"},{"@type":["Organization","Place","LocalBusiness"],"@id":"https:\/\/quiroesencia.com\/#organization","name":"Quiroesencia","alternateName":"Quiroesencia","url":"https:\/\/quiroesencia.com\/","logo":{"@id":"https:\/\/quiroesencia.com\/aviso-legal\/#local-main-organization-logo"},"image":{"@id":"https:\/\/quiroesencia.com\/aviso-legal\/#local-main-organization-logo"},"sameAs":["https:\/\/www.facebook.com\/QuiroesenciaGranada","https:\/\/x.com\/quiroesencia","https:\/\/es.pinterest.com\/QuiroesenciaGranada\/","https:\/\/www.instagram.com\/quiroesencia\/"],"description":"Quiroesencia is a wellness center in the heart of Granada, offering sports and relaxation massages specifically designed for muscle recovery, improved circulation, and stress reduction. Our therapists are highly trained in advanced techniques, ensuring effective results, especially for athletes and those requiring more intensive or personalized treatments.","legalName":"Granada Wellnes S.L.","numberOfEmployees":{"@type":"QuantitativeValue","minValue":"1","maxValue":"10"},"ownershipFundingInfo":"https:\/\/quiroesencia.com\/aviso-legal\/","actionableFeedbackPolicy":"https:\/\/quiroesencia.com\/politica-de-privacidad\/","ethicsPolicy":"https:\/\/quiroesencia.com\/normas-generales-de-uso-de-nuestras-instalaciones\/","address":{"@id":"https:\/\/quiroesencia.com\/aviso-legal\/#local-main-place-address"},"geo":{"@type":"GeoCoordinates","latitude":"37.1796228","longitude":"-3.6021412"},"telephone":["+34621217595"],"contactPoint":{"@type":"ContactPoint","telephone":"+34621217595","email":"info@quiroesencia.com"},"openingHoursSpecification":[{"@type":"OpeningHoursSpecification","dayOfWeek":["Monday","Tuesday","Wednesday","Thursday","Friday"],"opens":"09:00","closes":"21:00"},{"@type":"OpeningHoursSpecification","dayOfWeek":["Saturday","Sunday"],"opens":"00:00","closes":"00:00"}],"email":"info@quiroesencia.com","vatID":"B19902097","priceRange":"$$"},{"@type":"Person","@id":"https:\/\/quiroesencia.com\/#\/schema\/person\/7480ed2c085e6ae29ae49ac519a8b66f","name":"Jesus","image":{"@type":"ImageObject","inLanguage":"en-US","@id":"https:\/\/quiroesencia.com\/wp-content\/litespeed\/avatar\/2e443c1c8b1834114f0ba969f6e37823.jpg?ver=1775336638","url":"https:\/\/quiroesencia.com\/wp-content\/litespeed\/avatar\/2e443c1c8b1834114f0ba969f6e37823.jpg?ver=1775336638","contentUrl":"https:\/\/quiroesencia.com\/wp-content\/litespeed\/avatar\/2e443c1c8b1834114f0ba969f6e37823.jpg?ver=1775336638","caption":"jesus"},"sameAs":["https:\/\/quiroesencia.com"]},{"@type":"PostalAddress","@id":"https:\/\/quiroesencia.com\/aviso-legal\/#local-main-place-address","streetAddress":"Calle San Jer\u00f3nimo, 48, local, Centro,","addressLocality":"Granada","postalCode":"18001","addressCountry":"ES"},{"@type":"ImageObject","inLanguage":"en-US","@id":"https:\/\/quiroesencia.com\/aviso-legal\/#local-main-organization-logo","url":"https:\/\/quiroesencia.com\/wp-content\/uploads\/2025\/02\/Estrella-azul-y-blanco-roto_1.webp","contentUrl":"https:\/\/quiroesencia.com\/wp-content\/uploads\/2025\/02\/Estrella-azul-y-blanco-roto_1.webp","width":96,"height":95,"caption":"Quiroesencia"}]},"geo.placename":"Granada","geo.position":{"lat":"37.1796228","long":"-3.6021412"},"geo.region":"Spain"},"_links":{"self":[{"href":"https:\/\/quiroesencia.com\/en\/wp-json\/wp\/v2\/pages\/391","targetHints":{"allow":["GET"]}}],"collection":[{"href":"https:\/\/quiroesencia.com\/en\/wp-json\/wp\/v2\/pages"}],"about":[{"href":"https:\/\/quiroesencia.com\/en\/wp-json\/wp\/v2\/types\/page"}],"author":[{"embeddable":true,"href":"https:\/\/quiroesencia.com\/en\/wp-json\/wp\/v2\/users\/1"}],"replies":[{"embeddable":true,"href":"https:\/\/quiroesencia.com\/en\/wp-json\/wp\/v2\/comments?post=391"}],"version-history":[{"count":0,"href":"https:\/\/quiroesencia.com\/en\/wp-json\/wp\/v2\/pages\/391\/revisions"}],"wp:attachment":[{"href":"https:\/\/quiroesencia.com\/en\/wp-json\/wp\/v2\/media?parent=391"}],"curies":[{"name":"wp","href":"https:\/\/api.w.org\/{rel}","templated":true}]}}