{"id":6182,"date":"2026-01-26T12:38:04","date_gmt":"2026-01-26T11:38:04","guid":{"rendered":"https:\/\/quiroesencia.com\/?page_id=6182"},"modified":"2026-04-18T12:51:48","modified_gmt":"2026-04-18T10:51:48","slug":"contact","status":"publish","type":"page","link":"https:\/\/quiroesencia.com\/en\/contacto\/","title":{"rendered":"Contact"},"content":{"rendered":"<div class=\"wp-block-stackable-columns stk-block-columns stk-block stk-c61ec3e\" data-block-id=\"c61ec3e\"><div class=\"stk-row stk-inner-blocks stk-block-content stk-content-align stk-c61ec3e-column\">\n<div class=\"wp-block-stackable-column stk-block-column stk-column stk-block stk-64aa7a7\" data-v=\"4\" data-block-id=\"64aa7a7\"><style>.stk-64aa7a7 {align-self:center !important;padding-top:25px !important;padding-right:25px !important;padding-bottom:25px !important;padding-left:25px !important;}<\/style><div class=\"stk-column-wrapper stk-block-column__content stk-container stk-64aa7a7-container stk--no-background stk--no-padding\"><div class=\"stk-block-content stk-inner-blocks stk-64aa7a7-inner-blocks\">\n<div class=\"wp-block-stackable-image stk-block-image stk-block stk-b6738d1\" data-block-id=\"b6738d1\"><style>.stk-b6738d1 .stk-img-wrapper{width:20% !important;}<\/style><figure><span class=\"stk-img-wrapper stk-image--shape-stretch\"><img decoding=\"async\" class=\"stk-img wp-image-407\" src=\"https:\/\/quiroesencia.com\/wp-content\/uploads\/2025\/01\/Gato_azul.svg\" width=\"469\" height=\"718\" alt=\"logo chiroesence cat moksha\" \/><\/span><\/figure><\/div>\n\n\n\n<div class=\"wp-block-stackable-heading stk-block-heading stk-block-heading--v2 stk-block stk-3ac84ac\" id=\"contacto-quiroesencia\" data-block-id=\"3ac84ac\"><style>.stk-3ac84ac .stk-block-heading__text{font-size:30px !important;}@media screen and (max-width: 1023px){.stk-3ac84ac .stk-block-heading__text{font-size:30px !important;}}<\/style><h1 class=\"stk-block-heading__text has-text-align-center\">Quiroesencia Contact<\/h1><\/div>\n\n\n\n<div class=\"wp-block-stackable-text stk-block-text stk-block stk-1851a06\" data-block-id=\"1851a06\"><style>.stk-1851a06 {padding-top:5px !important;padding-right:5px !important;padding-bottom:5px !important;padding-left:5px !important;margin-bottom:0px !important;}.stk-1851a06 .stk-block-text__text{font-size:20px !important;color:var(--ast-global-color-2) !important;}@media screen and (max-width: 1023px){.stk-1851a06 .stk-block-text__text{font-size:16px !important;}}<\/style><p class=\"stk-block-text__text has-text-color has-text-align-center\">Your well-being is our priority. Leave us your contact information and tell us what you&#039;re looking for so we can offer you the best service. We&#039;re here to guide you; write to us and tell us how we can help.<\/p><\/div>\n\n\n\n<p class=\"has-text-align-center has-small-font-size\">Before writing to us, perhaps you will find your answer in our <a href=\"https:\/\/quiroesencia.com\/preguntas-frecuentes\/\">Frequently asked questions<\/a>, where we answer the most common questions about reservations, services and how to visit us.<\/p>\n\n<\/div><\/div><\/div>\n\n\n\n<div class=\"wp-block-stackable-column stk-block-column stk-column stk-block stk-6bf5104\" data-v=\"4\" data-block-id=\"6bf5104\"><div class=\"stk-column-wrapper stk-block-column__content stk-container stk-6bf5104-container stk--no-background stk--no-padding\"><div class=\"stk-block-content stk-inner-blocks stk-6bf5104-inner-blocks\">\n<div class=\"forminator-guttenberg\"><div class=\"forminator-ui forminator-custom-form forminator-custom-form-6181 forminator-design--material  forminator_ajax\" data-forminator-render=\"0\" data-form=\"forminator-module-6181\" data-uid=\"69e498112a07c\"><br\/><\/div><form\n\t\t\t\tid=\"forminator-module-6181\"\n\t\t\t\tclass=\"forminator-ui forminator-custom-form forminator-custom-form-6181 forminator-design--material  forminator_ajax\"\n\t\t\t\tmethod=\"post\"\n\t\t\t\tdata-forminator-render=\"0\"\n\t\t\t\tdata-form-id=\"6181\"\n\t\t\t\t data-color-option=\"theme\" data-design=\"material\" data-grid=\"open\" style=\"display: none;\"\n\t\t\t\tdata-uid=\"69e498112a07c\" action=\"\"\n\t\t\t><div role=\"alert\" aria-live=\"polite\" class=\"forminator-response-message forminator-error\" aria-hidden=\"true\"><\/div><div class=\"forminator-row\"><div id=\"name-1\" class=\"forminator-field-name forminator-col forminator-col-12\"><div class=\"forminator-row forminator-no-margin\" data-multiple=\"true\"><div class=\"forminator-col forminator-col-md-6\"><div class=\"forminator-field\"><label for=\"forminator-field-first-name-1_69e498112a07c\" id=\"forminator-field-first-name-1_69e498112a07c-label\" class=\"forminator-label\">Name <span class=\"forminator-required\">*<\/span><\/label><input type=\"text\" name=\"name-1-first-name\" placeholder=\"Name\" id=\"forminator-field-first-name-1_69e498112a07c\" class=\"forminator-input\" aria-required=\"true\" data-multi=\"1\" autocomplete=\"given-name\" value=\"\" \/><\/div><\/div><div class=\"forminator-col forminator-col-md-6\"><div class=\"forminator-field\"><label for=\"forminator-field-last-name-1_69e498112a07c\" id=\"forminator-field-last-name-1_69e498112a07c-label\" class=\"forminator-label\">Surnames <span class=\"forminator-required\">*<\/span><\/label><input type=\"text\" name=\"name-1-last-name\" placeholder=\"Surnames\" id=\"forminator-field-last-name-1_69e498112a07c\" class=\"forminator-input\" aria-required=\"true\" data-multi=\"1\" autocomplete=\"family-name\" value=\"\" \/><\/div><\/div><\/div><\/div><\/div><div class=\"forminator-row\"><div id=\"email-1\" class=\"forminator-field-email forminator-col forminator-col-6\"><div class=\"forminator-field\"><label for=\"forminator-field-email-1_69e498112a07c\" id=\"forminator-field-email-1_69e498112a07c-label\" class=\"forminator-label\">Email address <span class=\"forminator-required\">*<\/span><\/label><input type=\"email\" name=\"email-1\" value=\"\" placeholder=\"E-mail\" id=\"forminator-field-email-1_69e498112a07c\" class=\"forminator-input forminator-email--field\" data-required=\"true\" aria-required=\"true\" autocomplete=\"email\" \/><\/div><\/div><div id=\"phone-1\" class=\"forminator-field-phone forminator-col forminator-col-6\"><div class=\"forminator-field\"><label for=\"forminator-field-phone-1_69e498112a07c\" id=\"forminator-field-phone-1_69e498112a07c-label\" class=\"forminator-label\">Phone number<\/label><input type=\"text\" name=\"phone-1\" value=\"\" placeholder=\"\" id=\"forminator-field-phone-1_69e498112a07c\" class=\"forminator-input forminator-field--phone\" data-required=\"\" aria-required=\"false\" autocomplete=\"off\" \/><\/div><\/div><\/div><div class=\"forminator-row\"><div id=\"textarea-1\" class=\"forminator-field-textarea forminator-col forminator-col-12\"><div class=\"forminator-field\"><label for=\"forminator-field-textarea-1_69e498112a07c\" id=\"forminator-field-textarea-1_69e498112a07c-label\" class=\"forminator-label\">Message <span class=\"forminator-required\">*<\/span><\/label><textarea name=\"textarea-1\" placeholder=\"Tell us briefly how we can help you.\" id=\"forminator-field-textarea-1_69e498112a07c\" class=\"forminator-textarea\" rows=\"6\" style=\"min-height:140px;\" maxlength=\"500\" ><\/textarea><span id=\"forminator-field-textarea-1_69e498112a07c-description\" class=\"forminator-description\"><span data-limit=\"500\" data-type=\"characters\" data-editor=\"\">0 \/ 500<\/span><\/span><\/div><\/div><\/div><div class=\"forminator-row\"><div id=\"consent-1\" class=\"forminator-field-consent forminator-col forminator-col-12\"><div class=\"forminator-field\"><div class=\"forminator-checkbox__wrapper\"><label id=\"forminator-field-consent-1_69e498112a07c__label\" class=\"forminator-checkbox forminator-consent\"><input type=\"checkbox\" name=\"consent-1\" id=\"forminator-field-consent-1_69e498112a07c\" value=\"checked\" aria-labelledby=\"forminator-field-consent-1_69e498112a07c-label\" aria-describedby=\"forminator-field-consent-1_69e498112a07c__description\" data-required=\"true\" aria-required=\"true\" \/><span class=\"forminator-checkbox-box\" aria-hidden=\"true\"><\/span><\/label><div id=\"forminator-field-consent-1_69e498112a07c__description\" class=\"forminator-checkbox__label forminator-consent__label\"><p>I have read and agree to the <a href=\"https:\/\/quiroesencia.com\/politica-de-privacidad\/\"><b data-index-in-node=\"22\" data-path-to-node=\"4,0\">Privacy Policy<\/b><\/a> . According to the <b data-index-in-node=\"93\" data-path-to-node=\"4,0\">GDPR<\/b>, I authorize the processing of my personal data for the management of my reservation and to receive communications related to the service.<\/p><\/div><\/div><\/div><\/div><\/div><input type=\"hidden\" name=\"referer_url\" value=\"\" \/><div class=\"forminator-row forminator-row-last\"><div class=\"forminator-col\"><div class=\"forminator-field\"><button class=\"forminator-button forminator-button-submit\"><span>Send<\/span><span aria-hidden=\"true\"><\/span><\/button><\/div><\/div><\/div><input type=\"hidden\" id=\"forminator_nonce\" name=\"forminator_nonce\" value=\"2e1c476d2b\" \/><input type=\"hidden\" name=\"_wp_http_referer\" value=\"\/en\/wp-json\/wp\/v2\/pages\/6182\" \/><input type=\"hidden\" name=\"form_id\" value=\"6181\"><input type=\"hidden\" name=\"page_id\" value=\"6182\"><input type=\"hidden\" name=\"form_type\" value=\"default\"><input type=\"hidden\" name=\"current_url\" value=\"https:\/\/quiroesencia.com\/en\/contacto\/\"><input type=\"hidden\" name=\"render_id\" value=\"0\"><input type=\"hidden\" name=\"action\" value=\"forminator_submit_form_custom-forms\"><label for=\"input_6\" class=\"forminator-hidden\" aria-hidden=\"true\">Please do not fill in this field. <input id=\"input_6\" type=\"text\" name=\"input_6\" value=\"\" autocomplete=\"off\"><\/label><input type=\"hidden\" name=\"trp-form-language\" value=\"en\"\/><\/form><\/div>\n<\/div><\/div><\/div>\n<\/div><\/div>","protected":false},"excerpt":{"rendered":"<p>Contacto Quiroesencia Tu bienestar es nuestra prioridad. D\u00e9janos tus datos y cu\u00e9ntanos qu\u00e9 buscas para [&hellip;]<\/p>\n","protected":false},"author":1,"featured_media":0,"parent":0,"menu_order":0,"comment_status":"closed","ping_status":"closed","template":"","meta":{"site-sidebar-layout":"default","site-content-layout":"","ast-site-content-layout":"default","site-content-style":"default","site-sidebar-style":"default","ast-global-header-display":"","ast-banner-title-visibility":"","ast-main-header-display":"","ast-hfb-above-header-display":"","ast-hfb-below-header-display":"","ast-hfb-mobile-header-display":"","site-post-title":"disabled","ast-breadcrumbs-content":"","ast-featured-img":"","footer-sml-layout":"","ast-disable-related-posts":"","theme-transparent-header-meta":"","adv-header-id-meta":"","stick-header-meta":"","header-above-stick-meta":"","header-main-stick-meta":"","header-below-stick-meta":"","astra-migrate-meta-layouts":"default","ast-page-background-enabled":"default","ast-page-background-meta":{"desktop":{"background-color":"var(--ast-global-color-4)","background-image":"","background-repeat":"repeat","background-position":"center center","background-size":"auto","background-attachment":"scroll","background-type":"","background-media":"","overlay-type":"","overlay-color":"","overlay-opacity":"","overlay-gradient":""},"tablet":{"background-color":"","background-image":"","background-repeat":"repeat","background-position":"center center","background-size":"auto","background-attachment":"scroll","background-type":"","background-media":"","overlay-type":"","overlay-color":"","overlay-opacity":"","overlay-gradient":""},"mobile":{"background-color":"","background-image":"","background-repeat":"repeat","background-position":"center center","background-size":"auto","background-attachment":"scroll","background-type":"","background-media":"","overlay-type":"","overlay-color":"","overlay-opacity":"","overlay-gradient":""}},"ast-content-background-meta":{"desktop":{"background-color":"var(--ast-global-color-5)","background-image":"","background-repeat":"repeat","background-position":"center center","background-size":"auto","background-attachment":"scroll","background-type":"","background-media":"","overlay-type":"","overlay-color":"","overlay-opacity":"","overlay-gradient":""},"tablet":{"background-color":"var(--ast-global-color-5)","background-image":"","background-repeat":"repeat","background-position":"center center","background-size":"auto","background-attachment":"scroll","background-type":"","background-media":"","overlay-type":"","overlay-color":"","overlay-opacity":"","overlay-gradient":""},"mobile":{"background-color":"var(--ast-global-color-5)","background-image":"","background-repeat":"repeat","background-position":"center center","background-size":"auto","background-attachment":"scroll","background-type":"","background-media":"","overlay-type":"","overlay-color":"","overlay-opacity":"","overlay-gradient":""}},"_joinchat":[],"footnotes":""},"class_list":["post-6182","page","type-page","status-publish","hentry"],"yoast_head":"<!-- This site is optimized with the Yoast SEO Premium plugin v27.4 (Yoast SEO v27.4) - https:\/\/yoast.com\/product\/yoast-seo-premium-wordpress\/ -->\n<title>Reserva tu Sesi\u00f3n | Quiroesencia Granada<\/title>\n<meta name=\"description\" content=\"Reserva por WhatsApp, tel\u00e9fono o formulario web. Masaje, yoga y osteopat\u00eda en el centro de Granada. Respuesta en menos de 24 horas.\" \/>\n<meta name=\"robots\" content=\"index, follow, max-snippet:-1, max-image-preview:large, max-video-preview:-1\" \/>\n<link rel=\"canonical\" href=\"https:\/\/quiroesencia.com\/en\/contact\/\" \/>\n<meta property=\"og:locale\" content=\"en_US\" \/>\n<meta property=\"og:type\" content=\"article\" \/>\n<meta property=\"og:title\" content=\"Contacto\" \/>\n<meta property=\"og:description\" content=\"Reserva por WhatsApp, tel\u00e9fono o formulario web. Masaje, yoga y osteopat\u00eda en el centro de Granada. Respuesta en menos de 24 horas.\" \/>\n<meta property=\"og:url\" content=\"https:\/\/quiroesencia.com\/en\/contact\/\" \/>\n<meta property=\"og:site_name\" content=\"Quiroesencia\" \/>\n<meta property=\"article:publisher\" content=\"https:\/\/www.facebook.com\/QuiroesenciaGranada\" \/>\n<meta property=\"article:modified_time\" content=\"2026-04-18T10:51:48+00:00\" \/>\n<meta property=\"og:image\" content=\"https:\/\/quiroesencia.com\/wp-content\/uploads\/2025\/01\/imagen-del-sitio.webp\" \/>\n\t<meta property=\"og:image:width\" content=\"1200\" \/>\n\t<meta property=\"og:image:height\" content=\"675\" \/>\n\t<meta property=\"og:image:type\" content=\"image\/webp\" \/>\n<meta name=\"twitter:card\" content=\"summary_large_image\" \/>\n<meta name=\"twitter:site\" content=\"@quiroesencia\" \/>\n<meta name=\"twitter:label1\" content=\"Est. reading time\" \/>\n\t<meta name=\"twitter:data1\" content=\"1 minute\" \/>\n<script type=\"application\/ld+json\" class=\"yoast-schema-graph\">{\"@context\":\"https:\\\/\\\/schema.org\",\"@graph\":[{\"@type\":[\"WebPage\",\"ContactPage\"],\"@id\":\"https:\\\/\\\/quiroesencia.com\\\/contacto\\\/\",\"url\":\"https:\\\/\\\/quiroesencia.com\\\/contacto\\\/\",\"name\":\"Reserva tu Sesi\u00f3n | Quiroesencia Granada\",\"isPartOf\":{\"@id\":\"https:\\\/\\\/quiroesencia.com\\\/#website\"},\"primaryImageOfPage\":{\"@id\":\"https:\\\/\\\/quiroesencia.com\\\/contacto\\\/#primaryimage\"},\"image\":{\"@id\":\"https:\\\/\\\/quiroesencia.com\\\/contacto\\\/#primaryimage\"},\"thumbnailUrl\":\"https:\\\/\\\/quiroesencia.com\\\/wp-content\\\/uploads\\\/2025\\\/01\\\/Gato_azul.svg\",\"datePublished\":\"2026-01-26T11:38:04+00:00\",\"dateModified\":\"2026-04-18T10:51:48+00:00\",\"description\":\"Reserva por WhatsApp, tel\u00e9fono o formulario web. Masaje, yoga y osteopat\u00eda en el centro de Granada. Respuesta en menos de 24 horas.\",\"breadcrumb\":{\"@id\":\"https:\\\/\\\/quiroesencia.com\\\/contacto\\\/#breadcrumb\"},\"inLanguage\":\"en-US\",\"potentialAction\":[{\"@type\":\"ReadAction\",\"target\":[\"https:\\\/\\\/quiroesencia.com\\\/contacto\\\/\"]}]},{\"@type\":\"ImageObject\",\"inLanguage\":\"en-US\",\"@id\":\"https:\\\/\\\/quiroesencia.com\\\/contacto\\\/#primaryimage\",\"url\":\"https:\\\/\\\/quiroesencia.com\\\/wp-content\\\/uploads\\\/2025\\\/01\\\/Gato_azul.svg\",\"contentUrl\":\"https:\\\/\\\/quiroesencia.com\\\/wp-content\\\/uploads\\\/2025\\\/01\\\/Gato_azul.svg\"},{\"@type\":\"BreadcrumbList\",\"@id\":\"https:\\\/\\\/quiroesencia.com\\\/contacto\\\/#breadcrumb\",\"itemListElement\":[{\"@type\":\"ListItem\",\"position\":1,\"name\":\"Portada\",\"item\":\"https:\\\/\\\/quiroesencia.com\\\/\"},{\"@type\":\"ListItem\",\"position\":2,\"name\":\"Contacto\"}]},{\"@type\":\"WebSite\",\"@id\":\"https:\\\/\\\/quiroesencia.com\\\/#website\",\"url\":\"https:\\\/\\\/quiroesencia.com\\\/\",\"name\":\"Quiroesencia\",\"description\":\"Masaje, Yoga y Osteopat\u00eda en Granada Centro\",\"publisher\":{\"@id\":\"https:\\\/\\\/quiroesencia.com\\\/#organization\"},\"alternateName\":\"Quiroesencia\",\"potentialAction\":[{\"@type\":\"SearchAction\",\"target\":{\"@type\":\"EntryPoint\",\"urlTemplate\":\"https:\\\/\\\/quiroesencia.com\\\/?s={search_term_string}\"},\"query-input\":{\"@type\":\"PropertyValueSpecification\",\"valueRequired\":true,\"valueName\":\"search_term_string\"}}],\"inLanguage\":\"en-US\"},{\"@type\":[\"Organization\",\"Place\",\"HealthAndBeautyBusiness\"],\"@id\":\"https:\\\/\\\/quiroesencia.com\\\/#organization\",\"name\":\"Quiroesencia\",\"alternateName\":\"Quiroesencia\",\"url\":\"https:\\\/\\\/quiroesencia.com\\\/\",\"logo\":{\"@id\":\"https:\\\/\\\/quiroesencia.com\\\/contacto\\\/#local-main-organization-logo\"},\"image\":{\"@id\":\"https:\\\/\\\/quiroesencia.com\\\/contacto\\\/#local-main-organization-logo\"},\"sameAs\":[\"https:\\\/\\\/www.facebook.com\\\/QuiroesenciaGranada\",\"https:\\\/\\\/x.com\\\/quiroesencia\",\"https:\\\/\\\/es.pinterest.com\\\/QuiroesenciaGranada\\\/\",\"https:\\\/\\\/www.instagram.com\\\/quiroesencia\\\/\"],\"description\":\"Quiroesencia es un centro de bienestar en el centro de Granada, ofrecemos masajes deportivos y relajantes, espec\u00edficamente dise\u00f1ados para la recuperaci\u00f3n muscular, la mejora de la circulaci\u00f3n y la reducci\u00f3n del estr\u00e9s. Los terapeutas tienen una s\u00f3lida formaci\u00f3n en t\u00e9cnicas avanzadas, lo que garantiza resultados efectivos, especialmente para atletas y personas que necesitan tratamientos m\u00e1s intensivos o personalizados.\",\"legalName\":\"Granada Wellnes S.L.\",\"numberOfEmployees\":{\"@type\":\"QuantitativeValue\",\"minValue\":\"1\",\"maxValue\":\"10\"},\"ownershipFundingInfo\":\"https:\\\/\\\/quiroesencia.com\\\/aviso-legal\\\/\",\"actionableFeedbackPolicy\":\"https:\\\/\\\/quiroesencia.com\\\/politica-de-privacidad\\\/\",\"ethicsPolicy\":\"https:\\\/\\\/quiroesencia.com\\\/normas-generales-de-uso-de-nuestras-instalaciones\\\/\",\"address\":{\"@id\":\"https:\\\/\\\/quiroesencia.com\\\/contacto\\\/#local-main-place-address\"},\"geo\":{\"@type\":\"GeoCoordinates\",\"latitude\":\"37.1796228\",\"longitude\":\"-3.6021412\"},\"telephone\":[\"+34621217595\"],\"contactPoint\":{\"@type\":\"ContactPoint\",\"telephone\":\"+34621217595\",\"email\":\"info@quiroesencia.com\"},\"openingHoursSpecification\":[{\"@type\":\"OpeningHoursSpecification\",\"dayOfWeek\":[\"Monday\",\"Tuesday\",\"Wednesday\",\"Thursday\",\"Friday\"],\"opens\":\"09:00\",\"closes\":\"21:00\"},{\"@type\":\"OpeningHoursSpecification\",\"dayOfWeek\":[\"Saturday\"],\"opens\":\"11:00\",\"closes\":\"21:00\"},{\"@type\":\"OpeningHoursSpecification\",\"dayOfWeek\":[\"Sunday\"],\"opens\":\"00:00\",\"closes\":\"00:00\"}],\"email\":\"info@quiroesencia.com\",\"areaServed\":\"Granada, Andaluc\u00eda, Espa\u00f1a\",\"vatID\":\"B19902097\",\"priceRange\":\"\u20ac\u20ac\"},{\"@type\":\"PostalAddress\",\"@id\":\"https:\\\/\\\/quiroesencia.com\\\/contacto\\\/#local-main-place-address\",\"streetAddress\":\"Calle San Jer\u00f3nimo, 48, local\",\"addressLocality\":\"Granada\",\"postalCode\":\"18001\",\"addressRegion\":\"Andalucia\",\"addressCountry\":\"ES\"},{\"@type\":\"ImageObject\",\"inLanguage\":\"en-US\",\"@id\":\"https:\\\/\\\/quiroesencia.com\\\/contacto\\\/#local-main-organization-logo\",\"url\":\"https:\\\/\\\/quiroesencia.com\\\/wp-content\\\/uploads\\\/2025\\\/02\\\/Estrella-azul-y-blanco-roto_1.webp\",\"contentUrl\":\"https:\\\/\\\/quiroesencia.com\\\/wp-content\\\/uploads\\\/2025\\\/02\\\/Estrella-azul-y-blanco-roto_1.webp\",\"width\":96,\"height\":95,\"caption\":\"Quiroesencia\"}]}<\/script>\n<meta name=\"geo.placename\" content=\"Granada\" \/>\n<meta name=\"geo.position\" content=\"37.1796228;-3.6021412\" \/>\n<meta name=\"geo.region\" content=\"Spain\" \/>\n<!-- \/ Yoast SEO Premium plugin. -->","yoast_head_json":{"title":"Book your session | Quiroesencia Granada","description":"Book via WhatsApp, phone, or web form. Massage, yoga, and osteopathy in the heart of Granada. We&#039;ll respond in less than 24 hours.","robots":{"index":"index","follow":"follow","max-snippet":"max-snippet:-1","max-image-preview":"max-image-preview:large","max-video-preview":"max-video-preview:-1"},"canonical":"https:\/\/quiroesencia.com\/en\/contact\/","og_locale":"en_US","og_type":"article","og_title":"Contacto","og_description":"Reserva por WhatsApp, tel\u00e9fono o formulario web. Masaje, yoga y osteopat\u00eda en el centro de Granada. Respuesta en menos de 24 horas.","og_url":"https:\/\/quiroesencia.com\/en\/contact\/","og_site_name":"Quiroesencia","article_publisher":"https:\/\/www.facebook.com\/QuiroesenciaGranada","article_modified_time":"2026-04-18T10:51:48+00:00","og_image":[{"width":1200,"height":675,"url":"https:\/\/quiroesencia.com\/wp-content\/uploads\/2025\/01\/imagen-del-sitio.webp","type":"image\/webp"}],"twitter_card":"summary_large_image","twitter_site":"@quiroesencia","twitter_misc":{"Est. reading time":"1 minute"},"schema":{"@context":"https:\/\/schema.org","@graph":[{"@type":["WebPage","ContactPage"],"@id":"https:\/\/quiroesencia.com\/contacto\/","url":"https:\/\/quiroesencia.com\/contacto\/","name":"Book your session | Quiroesencia Granada","isPartOf":{"@id":"https:\/\/quiroesencia.com\/#website"},"primaryImageOfPage":{"@id":"https:\/\/quiroesencia.com\/contacto\/#primaryimage"},"image":{"@id":"https:\/\/quiroesencia.com\/contacto\/#primaryimage"},"thumbnailUrl":"https:\/\/quiroesencia.com\/wp-content\/uploads\/2025\/01\/Gato_azul.svg","datePublished":"2026-01-26T11:38:04+00:00","dateModified":"2026-04-18T10:51:48+00:00","description":"Book via WhatsApp, phone, or web form. Massage, yoga, and osteopathy in the heart of Granada. We&#039;ll respond in less than 24 hours.","breadcrumb":{"@id":"https:\/\/quiroesencia.com\/contacto\/#breadcrumb"},"inLanguage":"en-US","potentialAction":[{"@type":"ReadAction","target":["https:\/\/quiroesencia.com\/contacto\/"]}]},{"@type":"ImageObject","inLanguage":"en-US","@id":"https:\/\/quiroesencia.com\/contacto\/#primaryimage","url":"https:\/\/quiroesencia.com\/wp-content\/uploads\/2025\/01\/Gato_azul.svg","contentUrl":"https:\/\/quiroesencia.com\/wp-content\/uploads\/2025\/01\/Gato_azul.svg"},{"@type":"BreadcrumbList","@id":"https:\/\/quiroesencia.com\/contacto\/#breadcrumb","itemListElement":[{"@type":"ListItem","position":1,"name":"Portada","item":"https:\/\/quiroesencia.com\/"},{"@type":"ListItem","position":2,"name":"Contacto"}]},{"@type":"WebSite","@id":"https:\/\/quiroesencia.com\/#website","url":"https:\/\/quiroesencia.com\/","name":"Quiroesencia","description":"Massage, Yoga and Osteopathy in Granada City Centre","publisher":{"@id":"https:\/\/quiroesencia.com\/#organization"},"alternateName":"Quiroesencia","potentialAction":[{"@type":"SearchAction","target":{"@type":"EntryPoint","urlTemplate":"https:\/\/quiroesencia.com\/?s={search_term_string}"},"query-input":{"@type":"PropertyValueSpecification","valueRequired":true,"valueName":"search_term_string"}}],"inLanguage":"en-US"},{"@type":["Organization","Place","HealthAndBeautyBusiness"],"@id":"https:\/\/quiroesencia.com\/#organization","name":"Quiroesencia","alternateName":"Quiroesencia","url":"https:\/\/quiroesencia.com\/","logo":{"@id":"https:\/\/quiroesencia.com\/contacto\/#local-main-organization-logo"},"image":{"@id":"https:\/\/quiroesencia.com\/contacto\/#local-main-organization-logo"},"sameAs":["https:\/\/www.facebook.com\/QuiroesenciaGranada","https:\/\/x.com\/quiroesencia","https:\/\/es.pinterest.com\/QuiroesenciaGranada\/","https:\/\/www.instagram.com\/quiroesencia\/"],"description":"Quiroesencia is a wellness center in the heart of Granada, offering sports and relaxation massages specifically designed for muscle recovery, improved circulation, and stress reduction. Our therapists are highly trained in advanced techniques, ensuring effective results, especially for athletes and those requiring more intensive or personalized treatments.","legalName":"Granada Wellnes S.L.","numberOfEmployees":{"@type":"QuantitativeValue","minValue":"1","maxValue":"10"},"ownershipFundingInfo":"https:\/\/quiroesencia.com\/aviso-legal\/","actionableFeedbackPolicy":"https:\/\/quiroesencia.com\/politica-de-privacidad\/","ethicsPolicy":"https:\/\/quiroesencia.com\/normas-generales-de-uso-de-nuestras-instalaciones\/","address":{"@id":"https:\/\/quiroesencia.com\/contacto\/#local-main-place-address"},"geo":{"@type":"GeoCoordinates","latitude":"37.1796228","longitude":"-3.6021412"},"telephone":["+34621217595"],"contactPoint":{"@type":"ContactPoint","telephone":"+34621217595","email":"info@quiroesencia.com"},"openingHoursSpecification":[{"@type":"OpeningHoursSpecification","dayOfWeek":["Monday","Tuesday","Wednesday","Thursday","Friday"],"opens":"09:00","closes":"21:00"},{"@type":"OpeningHoursSpecification","dayOfWeek":["Saturday"],"opens":"11:00","closes":"21:00"},{"@type":"OpeningHoursSpecification","dayOfWeek":["Sunday"],"opens":"00:00","closes":"00:00"}],"email":"info@quiroesencia.com","areaServed":"Granada, Andaluc\u00eda, Espa\u00f1a","vatID":"B19902097","priceRange":"\u20ac\u20ac"},{"@type":"PostalAddress","@id":"https:\/\/quiroesencia.com\/contacto\/#local-main-place-address","streetAddress":"Calle San Jer\u00f3nimo, 48, local","addressLocality":"Granada","postalCode":"18001","addressRegion":"Andalucia","addressCountry":"ES"},{"@type":"ImageObject","inLanguage":"en-US","@id":"https:\/\/quiroesencia.com\/contacto\/#local-main-organization-logo","url":"https:\/\/quiroesencia.com\/wp-content\/uploads\/2025\/02\/Estrella-azul-y-blanco-roto_1.webp","contentUrl":"https:\/\/quiroesencia.com\/wp-content\/uploads\/2025\/02\/Estrella-azul-y-blanco-roto_1.webp","width":96,"height":95,"caption":"Quiroesencia"}]},"geo.placename":"Granada","geo.position":{"lat":"37.1796228","long":"-3.6021412"},"geo.region":"Spain"},"_links":{"self":[{"href":"https:\/\/quiroesencia.com\/en\/wp-json\/wp\/v2\/pages\/6182","targetHints":{"allow":["GET"]}}],"collection":[{"href":"https:\/\/quiroesencia.com\/en\/wp-json\/wp\/v2\/pages"}],"about":[{"href":"https:\/\/quiroesencia.com\/en\/wp-json\/wp\/v2\/types\/page"}],"author":[{"embeddable":true,"href":"https:\/\/quiroesencia.com\/en\/wp-json\/wp\/v2\/users\/1"}],"replies":[{"embeddable":true,"href":"https:\/\/quiroesencia.com\/en\/wp-json\/wp\/v2\/comments?post=6182"}],"version-history":[{"count":4,"href":"https:\/\/quiroesencia.com\/en\/wp-json\/wp\/v2\/pages\/6182\/revisions"}],"predecessor-version":[{"id":7599,"href":"https:\/\/quiroesencia.com\/en\/wp-json\/wp\/v2\/pages\/6182\/revisions\/7599"}],"wp:attachment":[{"href":"https:\/\/quiroesencia.com\/en\/wp-json\/wp\/v2\/media?parent=6182"}],"curies":[{"name":"wp","href":"https:\/\/api.w.org\/{rel}","templated":true}]}}