{"id":7220,"date":"2026-04-12T20:07:24","date_gmt":"2026-04-12T18:07:24","guid":{"rendered":"https:\/\/quiroesencia.com\/?page_id=7220"},"modified":"2026-04-18T12:46:55","modified_gmt":"2026-04-18T10:46:55","slug":"massage-gift-card-the-perfect-touch","status":"publish","type":"page","link":"https:\/\/quiroesencia.com\/en\/tarjeta-regalo-masajes-el-detalle-perfecto\/","title":{"rendered":"Massage Gift Card \u2014 The Perfect Touch"},"content":{"rendered":"<div class=\"wp-block-stackable-text stk-block-text stk-block stk-tg0001\" data-block-id=\"tg0001\"><style>.stk-tg0001 {margin-bottom:0px !important;}.stk-tg0001 .stk-block-text__text{font-size:0px !important;color:var(--ast-global-color-1) !important;}@media screen and (max-width: 1023px){.stk-tg0001 .stk-block-text__text{font-size:0px !important;}}<\/style><p class=\"stk-block-text__text has-text-color\">Massage Gift Card \u2014 The Perfect Touch<\/p><\/div>\n\n\n\n<div class=\"wp-block-stackable-columns alignfull stk-block-columns stk-block stk-tg0002 stk-block-background stk--has-background-overlay\" data-block-id=\"tg0002\"><style>.stk-tg0002 {background-color:var(--ast-global-color-2) !important;background-image:url(https:\/\/quiroesencia.com\/wp-content\/uploads\/2025\/02\/clases-de-yoga2.avif) !important;min-height:550px !important;align-items:flex-end !important;margin-bottom:80px !important;display:flex !important;}.stk-tg0002:before{background-color:var(--ast-global-color-2) !important;opacity:0.5 !important;}@media screen and (max-width: 767px){.stk-tg0002 {min-height:300px !important;}}<\/style><div class=\"stk-row stk-inner-blocks stk-block-content stk-content-align stk-tg0002-column alignfull\">\n<div class=\"wp-block-stackable-column stk-block-column stk-column stk-block stk-tg0003\" data-v=\"4\" data-block-id=\"tg0003\"><style>.stk-tg0003 {padding-top:80px !important;padding-right:80px !important;padding-bottom:80px !important;padding-left:80px !important;}@media screen and (max-width: 1023px){.stk-tg0003 {padding-top:30px !important;padding-right:30px !important;padding-bottom:30px !important;padding-left:30px !important;}}<\/style><div class=\"stk-column-wrapper stk-block-column__content stk-container stk-tg0003-container stk--no-background stk--no-padding\"><div class=\"stk-block-content stk-inner-blocks stk-tg0003-inner-blocks\">\n<div class=\"wp-block-stackable-heading stk-block-heading stk-block-heading--v2 stk-block stk-tg0004\" id=\"strong-el-detalle-que-de-verdad-se-siente-strong\" data-block-id=\"tg0004\"><style>.stk-tg0004 .stk-block-heading__text{font-size:60px !important;color:#fffffe !important;}@media screen and (max-width: 1023px){.stk-tg0004 .stk-block-heading__text{font-size:50px !important;}}@media screen and (max-width: 767px){.stk-tg0004 .stk-block-heading__text{font-size:20px !important;}}<\/style><h2 class=\"stk-block-heading__text has-text-color\"><strong>The detail that you truly feel<\/strong><\/h2><\/div>\n<\/div><\/div><\/div>\n<\/div><\/div>\n\n\n\n<div class=\"wp-block-stackable-columns alignfull stk-block-columns stk-block stk-tg0005\" data-block-id=\"tg0005\"><style>.stk-tg0005 {max-width:60% !important;min-width:auto !important;margin-top:50px !important;margin-right:auto !important;margin-bottom:100px !important;margin-left:auto !important;}@media screen and (max-width: 767px){.stk-tg0005 {max-width:90% !important;min-width:auto !important;margin-top:25px !important;}}<\/style><div class=\"stk-row stk-inner-blocks has-text-align-center stk-block-content stk-content-align stk-tg0005-column\">\n<div class=\"wp-block-stackable-column stk-block-column stk-column stk-block stk-tg0006\" data-v=\"4\" data-block-id=\"tg0006\"><div class=\"stk-column-wrapper stk-block-column__content stk-container stk-tg0006-container stk--no-background stk--no-padding\"><div class=\"stk-block-content stk-inner-blocks stk-tg0006-inner-blocks\">\n<div class=\"wp-block-stackable-heading stk-block-heading stk-block-heading--v2 stk-block stk-tg0007\" id=\"tarjeta-regalo-masajes-el-detalle-perfecto\" data-block-id=\"tg0007\"><style>.stk-tg0007 {margin-bottom:35px !important;}.stk-tg0007 .stk-block-heading__text{font-size:60px !important;}@media screen and (max-width: 1023px){.stk-tg0007 .stk-block-heading__text{font-size:50px !important;}}@media screen and (max-width: 767px){.stk-tg0007 .stk-block-heading__text{font-size:35px !important;}}<\/style><h1 class=\"stk-block-heading__text\">Massage Gift Card<\/h1><\/div>\n\n\n\n<div class=\"wp-block-stackable-text stk-block-text stk-block stk-tg0008\" data-block-id=\"tg0008\"><style>.stk-tg0008 .stk-block-text__text{font-size:20px !important;}@media screen and (max-width: 1023px){.stk-tg0008 .stk-block-text__text{font-size:16px !important;}}<\/style><p class=\"stk-block-text__text has-text-align-justify\">A <strong>massage gift card<\/strong> It&#039;s one of the most appreciated gifts: practical, memorable, and truly makes the recipient feel good. At Quiroesencia, we offer gift cards for all our services, with different amounts and options.<\/p><\/div>\n\n\n\n<div class=\"wp-block-stackable-text stk-block-text stk-block stk-tg0009\" data-block-id=\"tg0009\"><style>.stk-tg0009 .stk-block-text__text{font-size:20px !important;}@media screen and (max-width: 1023px){.stk-tg0009 .stk-block-text__text{font-size:16px !important;}}<\/style><p class=\"stk-block-text__text has-text-align-justify\">Available in format <strong>digital<\/strong> (we send it immediately by email) or <strong>physical<\/strong> (Collection at the center). Valid for 6 months from the date of purchase. If you have any questions about using the gift card, payment methods, or validity, please consult our <a href=\"https:\/\/quiroesencia.com\/preguntas-frecuentes\/\">Frequently asked questions<\/a>.<\/p><\/div>\n\n\n\n<div class=\"wp-block-buttons is-content-justification-center is-layout-flex wp-container-core-buttons-is-layout-a89b3969 wp-block-buttons-is-layout-flex\">\n<div class=\"wp-block-button is-style-fill\"><a class=\"wp-block-button__link wp-element-button\" href=\"https:\/\/app.squareup.com\/gift\/MLY0ERGDPJ9SZ\/order\" style=\"border-radius:30px;padding-right:var(--wp--preset--spacing--80);padding-left:var(--wp--preset--spacing--80)\" target=\"_blank\" rel=\"noreferrer noopener nofollow\">Buy gift card<\/a><\/div>\n<\/div>\n<\/div><\/div><\/div>\n<\/div><\/div>","protected":false},"excerpt":{"rendered":"<p>Tarjeta Regalo Masajes \u2014 El Detalle Perfecto El detalle que de verdad se siente Tarjeta [&hellip;]<\/p>\n","protected":false},"author":10,"featured_media":5083,"parent":0,"menu_order":0,"comment_status":"closed","ping_status":"closed","template":"","meta":{"site-sidebar-layout":"default","site-content-layout":"","ast-site-content-layout":"default","site-content-style":"default","site-sidebar-style":"default","ast-global-header-display":"","ast-banner-title-visibility":"","ast-main-header-display":"","ast-hfb-above-header-display":"","ast-hfb-below-header-display":"","ast-hfb-mobile-header-display":"","site-post-title":"","ast-breadcrumbs-content":"","ast-featured-img":"","footer-sml-layout":"","ast-disable-related-posts":"","theme-transparent-header-meta":"","adv-header-id-meta":"","stick-header-meta":"","header-above-stick-meta":"","header-main-stick-meta":"","header-below-stick-meta":"","astra-migrate-meta-layouts":"default","ast-page-background-enabled":"default","ast-page-background-meta":{"desktop":{"background-color":"var(--ast-global-color-4)","background-image":"","background-repeat":"repeat","background-position":"center center","background-size":"auto","background-attachment":"scroll","background-type":"","background-media":"","overlay-type":"","overlay-color":"","overlay-opacity":"","overlay-gradient":""},"tablet":{"background-color":"","background-image":"","background-repeat":"repeat","background-position":"center center","background-size":"auto","background-attachment":"scroll","background-type":"","background-media":"","overlay-type":"","overlay-color":"","overlay-opacity":"","overlay-gradient":""},"mobile":{"background-color":"","background-image":"","background-repeat":"repeat","background-position":"center center","background-size":"auto","background-attachment":"scroll","background-type":"","background-media":"","overlay-type":"","overlay-color":"","overlay-opacity":"","overlay-gradient":""}},"ast-content-background-meta":{"desktop":{"background-color":"var(--ast-global-color-5)","background-image":"","background-repeat":"repeat","background-position":"center center","background-size":"auto","background-attachment":"scroll","background-type":"","background-media":"","overlay-type":"","overlay-color":"","overlay-opacity":"","overlay-gradient":""},"tablet":{"background-color":"var(--ast-global-color-5)","background-image":"","background-repeat":"repeat","background-position":"center center","background-size":"auto","background-attachment":"scroll","background-type":"","background-media":"","overlay-type":"","overlay-color":"","overlay-opacity":"","overlay-gradient":""},"mobile":{"background-color":"var(--ast-global-color-5)","background-image":"","background-repeat":"repeat","background-position":"center center","background-size":"auto","background-attachment":"scroll","background-type":"","background-media":"","overlay-type":"","overlay-color":"","overlay-opacity":"","overlay-gradient":""}},"_joinchat":[],"footnotes":""},"class_list":["post-7220","page","type-page","status-publish","has-post-thumbnail","hentry"],"yoast_head":"<!-- This site is optimized with the Yoast SEO Premium plugin v27.4 (Yoast SEO v27.4) - https:\/\/yoast.com\/product\/yoast-seo-premium-wordpress\/ -->\n<title>Tarjeta Regalo Masajes Granada | Quiroesencia<\/title>\n<meta name=\"description\" content=\"Regala bienestar con una Tarjeta Regalo Masajes. Experiencias memorables para todos, con flexibilidad y opciones variadas.\" \/>\n<meta name=\"robots\" content=\"index, follow, max-snippet:-1, max-image-preview:large, max-video-preview:-1\" \/>\n<link rel=\"canonical\" href=\"https:\/\/quiroesencia.com\/en\/massage-gift-card-the-perfect-touch\/\" \/>\n<meta property=\"og:locale\" content=\"en_US\" \/>\n<meta property=\"og:type\" content=\"article\" \/>\n<meta property=\"og:title\" content=\"Tarjeta Regalo Masajes \u2014 El Detalle Perfecto\" \/>\n<meta property=\"og:description\" content=\"Regala bienestar con una Tarjeta Regalo Masajes. Experiencias memorables para todos, con flexibilidad y opciones variadas.\" \/>\n<meta property=\"og:url\" content=\"https:\/\/quiroesencia.com\/en\/massage-gift-card-the-perfect-touch\/\" \/>\n<meta property=\"og:site_name\" content=\"Quiroesencia\" \/>\n<meta property=\"article:publisher\" content=\"https:\/\/www.facebook.com\/QuiroesenciaGranada\" \/>\n<meta property=\"article:modified_time\" content=\"2026-04-18T10:46:55+00:00\" \/>\n<meta property=\"og:image\" content=\"https:\/\/quiroesencia.com\/wp-content\/uploads\/2025\/07\/masaje-piedras-calientes.jpg\" \/>\n\t<meta property=\"og:image:width\" content=\"600\" \/>\n\t<meta property=\"og:image:height\" content=\"400\" \/>\n\t<meta property=\"og:image:type\" content=\"image\/jpeg\" \/>\n<meta name=\"twitter:card\" content=\"summary_large_image\" \/>\n<meta name=\"twitter:site\" content=\"@quiroesencia\" \/>\n<meta name=\"twitter:label1\" content=\"Est. reading time\" \/>\n\t<meta name=\"twitter:data1\" content=\"3 minutes\" \/>\n<script type=\"application\/ld+json\" class=\"yoast-schema-graph\">{\"@context\":\"https:\\\/\\\/schema.org\",\"@graph\":[{\"@type\":\"WebPage\",\"@id\":\"https:\\\/\\\/quiroesencia.com\\\/tarjeta-regalo-masajes-el-detalle-perfecto\\\/\",\"url\":\"https:\\\/\\\/quiroesencia.com\\\/tarjeta-regalo-masajes-el-detalle-perfecto\\\/\",\"name\":\"Tarjeta Regalo Masajes Granada | Quiroesencia\",\"isPartOf\":{\"@id\":\"https:\\\/\\\/quiroesencia.com\\\/#website\"},\"primaryImageOfPage\":{\"@id\":\"https:\\\/\\\/quiroesencia.com\\\/tarjeta-regalo-masajes-el-detalle-perfecto\\\/#primaryimage\"},\"image\":{\"@id\":\"https:\\\/\\\/quiroesencia.com\\\/tarjeta-regalo-masajes-el-detalle-perfecto\\\/#primaryimage\"},\"thumbnailUrl\":\"https:\\\/\\\/quiroesencia.com\\\/wp-content\\\/uploads\\\/2025\\\/07\\\/masaje-piedras-calientes.jpg\",\"datePublished\":\"2026-04-12T18:07:24+00:00\",\"dateModified\":\"2026-04-18T10:46:55+00:00\",\"description\":\"Regala bienestar con una Tarjeta Regalo Masajes. Experiencias memorables para todos, con flexibilidad y opciones variadas.\",\"breadcrumb\":{\"@id\":\"https:\\\/\\\/quiroesencia.com\\\/tarjeta-regalo-masajes-el-detalle-perfecto\\\/#breadcrumb\"},\"inLanguage\":\"en-US\",\"potentialAction\":[{\"@type\":\"ReadAction\",\"target\":[\"https:\\\/\\\/quiroesencia.com\\\/tarjeta-regalo-masajes-el-detalle-perfecto\\\/\"]}]},{\"@type\":\"ImageObject\",\"inLanguage\":\"en-US\",\"@id\":\"https:\\\/\\\/quiroesencia.com\\\/tarjeta-regalo-masajes-el-detalle-perfecto\\\/#primaryimage\",\"url\":\"https:\\\/\\\/quiroesencia.com\\\/wp-content\\\/uploads\\\/2025\\\/07\\\/masaje-piedras-calientes.jpg\",\"contentUrl\":\"https:\\\/\\\/quiroesencia.com\\\/wp-content\\\/uploads\\\/2025\\\/07\\\/masaje-piedras-calientes.jpg\",\"width\":600,\"height\":400,\"caption\":\"masaje piedras calientes\"},{\"@type\":\"BreadcrumbList\",\"@id\":\"https:\\\/\\\/quiroesencia.com\\\/tarjeta-regalo-masajes-el-detalle-perfecto\\\/#breadcrumb\",\"itemListElement\":[{\"@type\":\"ListItem\",\"position\":1,\"name\":\"Portada\",\"item\":\"https:\\\/\\\/quiroesencia.com\\\/\"},{\"@type\":\"ListItem\",\"position\":2,\"name\":\"Tarjeta Regalo Masajes \u2014 El Detalle Perfecto\"}]},{\"@type\":\"WebSite\",\"@id\":\"https:\\\/\\\/quiroesencia.com\\\/#website\",\"url\":\"https:\\\/\\\/quiroesencia.com\\\/\",\"name\":\"Quiroesencia\",\"description\":\"Masaje, Yoga y Osteopat\u00eda en Granada Centro\",\"publisher\":{\"@id\":\"https:\\\/\\\/quiroesencia.com\\\/#organization\"},\"alternateName\":\"Quiroesencia\",\"potentialAction\":[{\"@type\":\"SearchAction\",\"target\":{\"@type\":\"EntryPoint\",\"urlTemplate\":\"https:\\\/\\\/quiroesencia.com\\\/?s={search_term_string}\"},\"query-input\":{\"@type\":\"PropertyValueSpecification\",\"valueRequired\":true,\"valueName\":\"search_term_string\"}}],\"inLanguage\":\"en-US\"},{\"@type\":[\"Organization\",\"Place\",\"HealthAndBeautyBusiness\"],\"@id\":\"https:\\\/\\\/quiroesencia.com\\\/#organization\",\"name\":\"Quiroesencia\",\"alternateName\":\"Quiroesencia\",\"url\":\"https:\\\/\\\/quiroesencia.com\\\/\",\"logo\":{\"@id\":\"https:\\\/\\\/quiroesencia.com\\\/tarjeta-regalo-masajes-el-detalle-perfecto\\\/#local-main-organization-logo\"},\"image\":{\"@id\":\"https:\\\/\\\/quiroesencia.com\\\/tarjeta-regalo-masajes-el-detalle-perfecto\\\/#local-main-organization-logo\"},\"sameAs\":[\"https:\\\/\\\/www.facebook.com\\\/QuiroesenciaGranada\",\"https:\\\/\\\/x.com\\\/quiroesencia\",\"https:\\\/\\\/es.pinterest.com\\\/QuiroesenciaGranada\\\/\",\"https:\\\/\\\/www.instagram.com\\\/quiroesencia\\\/\"],\"description\":\"Quiroesencia es un centro de bienestar en el centro de Granada, ofrecemos masajes deportivos y relajantes, espec\u00edficamente dise\u00f1ados para la recuperaci\u00f3n muscular, la mejora de la circulaci\u00f3n y la reducci\u00f3n del estr\u00e9s. Los terapeutas tienen una s\u00f3lida formaci\u00f3n en t\u00e9cnicas avanzadas, lo que garantiza resultados efectivos, especialmente para atletas y personas que necesitan tratamientos m\u00e1s intensivos o personalizados.\",\"legalName\":\"Granada Wellnes S.L.\",\"numberOfEmployees\":{\"@type\":\"QuantitativeValue\",\"minValue\":\"1\",\"maxValue\":\"10\"},\"ownershipFundingInfo\":\"https:\\\/\\\/quiroesencia.com\\\/aviso-legal\\\/\",\"actionableFeedbackPolicy\":\"https:\\\/\\\/quiroesencia.com\\\/politica-de-privacidad\\\/\",\"ethicsPolicy\":\"https:\\\/\\\/quiroesencia.com\\\/normas-generales-de-uso-de-nuestras-instalaciones\\\/\",\"address\":{\"@id\":\"https:\\\/\\\/quiroesencia.com\\\/tarjeta-regalo-masajes-el-detalle-perfecto\\\/#local-main-place-address\"},\"geo\":{\"@type\":\"GeoCoordinates\",\"latitude\":\"37.1796228\",\"longitude\":\"-3.6021412\"},\"telephone\":[\"+34621217595\"],\"contactPoint\":{\"@type\":\"ContactPoint\",\"telephone\":\"+34621217595\",\"email\":\"info@quiroesencia.com\"},\"openingHoursSpecification\":[{\"@type\":\"OpeningHoursSpecification\",\"dayOfWeek\":[\"Monday\",\"Tuesday\",\"Wednesday\",\"Thursday\",\"Friday\"],\"opens\":\"09:00\",\"closes\":\"21:00\"},{\"@type\":\"OpeningHoursSpecification\",\"dayOfWeek\":[\"Saturday\"],\"opens\":\"11:00\",\"closes\":\"21:00\"},{\"@type\":\"OpeningHoursSpecification\",\"dayOfWeek\":[\"Sunday\"],\"opens\":\"00:00\",\"closes\":\"00:00\"}],\"email\":\"info@quiroesencia.com\",\"areaServed\":\"Granada, Andaluc\u00eda, Espa\u00f1a\",\"vatID\":\"B19902097\",\"priceRange\":\"\u20ac\u20ac\"},{\"@type\":\"PostalAddress\",\"@id\":\"https:\\\/\\\/quiroesencia.com\\\/tarjeta-regalo-masajes-el-detalle-perfecto\\\/#local-main-place-address\",\"streetAddress\":\"Calle San Jer\u00f3nimo, 48, local\",\"addressLocality\":\"Granada\",\"postalCode\":\"18001\",\"addressRegion\":\"Andalucia\",\"addressCountry\":\"ES\"},{\"@type\":\"ImageObject\",\"inLanguage\":\"en-US\",\"@id\":\"https:\\\/\\\/quiroesencia.com\\\/tarjeta-regalo-masajes-el-detalle-perfecto\\\/#local-main-organization-logo\",\"url\":\"https:\\\/\\\/quiroesencia.com\\\/wp-content\\\/uploads\\\/2025\\\/02\\\/Estrella-azul-y-blanco-roto_1.webp\",\"contentUrl\":\"https:\\\/\\\/quiroesencia.com\\\/wp-content\\\/uploads\\\/2025\\\/02\\\/Estrella-azul-y-blanco-roto_1.webp\",\"width\":96,\"height\":95,\"caption\":\"Quiroesencia\"}]}<\/script>\n<meta name=\"geo.placename\" content=\"Granada\" \/>\n<meta name=\"geo.position\" content=\"37.1796228;-3.6021412\" \/>\n<meta name=\"geo.region\" content=\"Spain\" \/>\n<!-- \/ Yoast SEO Premium plugin. -->","yoast_head_json":{"title":"Granada Massage Gift Card | Quiroesencia","description":"Give the gift of well-being with a Massage Gift Card. Memorable experiences for everyone, with flexibility and a variety of options.","robots":{"index":"index","follow":"follow","max-snippet":"max-snippet:-1","max-image-preview":"max-image-preview:large","max-video-preview":"max-video-preview:-1"},"canonical":"https:\/\/quiroesencia.com\/en\/massage-gift-card-the-perfect-touch\/","og_locale":"en_US","og_type":"article","og_title":"Tarjeta Regalo Masajes \u2014 El Detalle Perfecto","og_description":"Regala bienestar con una Tarjeta Regalo Masajes. Experiencias memorables para todos, con flexibilidad y opciones variadas.","og_url":"https:\/\/quiroesencia.com\/en\/massage-gift-card-the-perfect-touch\/","og_site_name":"Quiroesencia","article_publisher":"https:\/\/www.facebook.com\/QuiroesenciaGranada","article_modified_time":"2026-04-18T10:46:55+00:00","og_image":[{"width":600,"height":400,"url":"https:\/\/quiroesencia.com\/wp-content\/uploads\/2025\/07\/masaje-piedras-calientes.jpg","type":"image\/jpeg"}],"twitter_card":"summary_large_image","twitter_site":"@quiroesencia","twitter_misc":{"Est. reading time":"3 minutes"},"schema":{"@context":"https:\/\/schema.org","@graph":[{"@type":"WebPage","@id":"https:\/\/quiroesencia.com\/tarjeta-regalo-masajes-el-detalle-perfecto\/","url":"https:\/\/quiroesencia.com\/tarjeta-regalo-masajes-el-detalle-perfecto\/","name":"Granada Massage Gift Card | Quiroesencia","isPartOf":{"@id":"https:\/\/quiroesencia.com\/#website"},"primaryImageOfPage":{"@id":"https:\/\/quiroesencia.com\/tarjeta-regalo-masajes-el-detalle-perfecto\/#primaryimage"},"image":{"@id":"https:\/\/quiroesencia.com\/tarjeta-regalo-masajes-el-detalle-perfecto\/#primaryimage"},"thumbnailUrl":"https:\/\/quiroesencia.com\/wp-content\/uploads\/2025\/07\/masaje-piedras-calientes.jpg","datePublished":"2026-04-12T18:07:24+00:00","dateModified":"2026-04-18T10:46:55+00:00","description":"Give the gift of well-being with a Massage Gift Card. Memorable experiences for everyone, with flexibility and a variety of options.","breadcrumb":{"@id":"https:\/\/quiroesencia.com\/tarjeta-regalo-masajes-el-detalle-perfecto\/#breadcrumb"},"inLanguage":"en-US","potentialAction":[{"@type":"ReadAction","target":["https:\/\/quiroesencia.com\/tarjeta-regalo-masajes-el-detalle-perfecto\/"]}]},{"@type":"ImageObject","inLanguage":"en-US","@id":"https:\/\/quiroesencia.com\/tarjeta-regalo-masajes-el-detalle-perfecto\/#primaryimage","url":"https:\/\/quiroesencia.com\/wp-content\/uploads\/2025\/07\/masaje-piedras-calientes.jpg","contentUrl":"https:\/\/quiroesencia.com\/wp-content\/uploads\/2025\/07\/masaje-piedras-calientes.jpg","width":600,"height":400,"caption":"masaje piedras calientes"},{"@type":"BreadcrumbList","@id":"https:\/\/quiroesencia.com\/tarjeta-regalo-masajes-el-detalle-perfecto\/#breadcrumb","itemListElement":[{"@type":"ListItem","position":1,"name":"Portada","item":"https:\/\/quiroesencia.com\/"},{"@type":"ListItem","position":2,"name":"Tarjeta Regalo Masajes \u2014 El Detalle Perfecto"}]},{"@type":"WebSite","@id":"https:\/\/quiroesencia.com\/#website","url":"https:\/\/quiroesencia.com\/","name":"Quiroesencia","description":"Massage, Yoga and Osteopathy in Granada City Centre","publisher":{"@id":"https:\/\/quiroesencia.com\/#organization"},"alternateName":"Quiroesencia","potentialAction":[{"@type":"SearchAction","target":{"@type":"EntryPoint","urlTemplate":"https:\/\/quiroesencia.com\/?s={search_term_string}"},"query-input":{"@type":"PropertyValueSpecification","valueRequired":true,"valueName":"search_term_string"}}],"inLanguage":"en-US"},{"@type":["Organization","Place","HealthAndBeautyBusiness"],"@id":"https:\/\/quiroesencia.com\/#organization","name":"Quiroesencia","alternateName":"Quiroesencia","url":"https:\/\/quiroesencia.com\/","logo":{"@id":"https:\/\/quiroesencia.com\/tarjeta-regalo-masajes-el-detalle-perfecto\/#local-main-organization-logo"},"image":{"@id":"https:\/\/quiroesencia.com\/tarjeta-regalo-masajes-el-detalle-perfecto\/#local-main-organization-logo"},"sameAs":["https:\/\/www.facebook.com\/QuiroesenciaGranada","https:\/\/x.com\/quiroesencia","https:\/\/es.pinterest.com\/QuiroesenciaGranada\/","https:\/\/www.instagram.com\/quiroesencia\/"],"description":"Quiroesencia is a wellness center in the heart of Granada, offering sports and relaxation massages specifically designed for muscle recovery, improved circulation, and stress reduction. Our therapists are highly trained in advanced techniques, ensuring effective results, especially for athletes and those requiring more intensive or personalized treatments.","legalName":"Granada Wellnes S.L.","numberOfEmployees":{"@type":"QuantitativeValue","minValue":"1","maxValue":"10"},"ownershipFundingInfo":"https:\/\/quiroesencia.com\/aviso-legal\/","actionableFeedbackPolicy":"https:\/\/quiroesencia.com\/politica-de-privacidad\/","ethicsPolicy":"https:\/\/quiroesencia.com\/normas-generales-de-uso-de-nuestras-instalaciones\/","address":{"@id":"https:\/\/quiroesencia.com\/tarjeta-regalo-masajes-el-detalle-perfecto\/#local-main-place-address"},"geo":{"@type":"GeoCoordinates","latitude":"37.1796228","longitude":"-3.6021412"},"telephone":["+34621217595"],"contactPoint":{"@type":"ContactPoint","telephone":"+34621217595","email":"info@quiroesencia.com"},"openingHoursSpecification":[{"@type":"OpeningHoursSpecification","dayOfWeek":["Monday","Tuesday","Wednesday","Thursday","Friday"],"opens":"09:00","closes":"21:00"},{"@type":"OpeningHoursSpecification","dayOfWeek":["Saturday"],"opens":"11:00","closes":"21:00"},{"@type":"OpeningHoursSpecification","dayOfWeek":["Sunday"],"opens":"00:00","closes":"00:00"}],"email":"info@quiroesencia.com","areaServed":"Granada, Andaluc\u00eda, Espa\u00f1a","vatID":"B19902097","priceRange":"\u20ac\u20ac"},{"@type":"PostalAddress","@id":"https:\/\/quiroesencia.com\/tarjeta-regalo-masajes-el-detalle-perfecto\/#local-main-place-address","streetAddress":"Calle San Jer\u00f3nimo, 48, local","addressLocality":"Granada","postalCode":"18001","addressRegion":"Andalucia","addressCountry":"ES"},{"@type":"ImageObject","inLanguage":"en-US","@id":"https:\/\/quiroesencia.com\/tarjeta-regalo-masajes-el-detalle-perfecto\/#local-main-organization-logo","url":"https:\/\/quiroesencia.com\/wp-content\/uploads\/2025\/02\/Estrella-azul-y-blanco-roto_1.webp","contentUrl":"https:\/\/quiroesencia.com\/wp-content\/uploads\/2025\/02\/Estrella-azul-y-blanco-roto_1.webp","width":96,"height":95,"caption":"Quiroesencia"}]},"geo.placename":"Granada","geo.position":{"lat":"37.1796228","long":"-3.6021412"},"geo.region":"Spain"},"_links":{"self":[{"href":"https:\/\/quiroesencia.com\/en\/wp-json\/wp\/v2\/pages\/7220","targetHints":{"allow":["GET"]}}],"collection":[{"href":"https:\/\/quiroesencia.com\/en\/wp-json\/wp\/v2\/pages"}],"about":[{"href":"https:\/\/quiroesencia.com\/en\/wp-json\/wp\/v2\/types\/page"}],"author":[{"embeddable":true,"href":"https:\/\/quiroesencia.com\/en\/wp-json\/wp\/v2\/users\/10"}],"replies":[{"embeddable":true,"href":"https:\/\/quiroesencia.com\/en\/wp-json\/wp\/v2\/comments?post=7220"}],"version-history":[{"count":4,"href":"https:\/\/quiroesencia.com\/en\/wp-json\/wp\/v2\/pages\/7220\/revisions"}],"predecessor-version":[{"id":7598,"href":"https:\/\/quiroesencia.com\/en\/wp-json\/wp\/v2\/pages\/7220\/revisions\/7598"}],"wp:featuredmedia":[{"embeddable":true,"href":"https:\/\/quiroesencia.com\/en\/wp-json\/wp\/v2\/media\/5083"}],"wp:attachment":[{"href":"https:\/\/quiroesencia.com\/en\/wp-json\/wp\/v2\/media?parent=7220"}],"curies":[{"name":"wp","href":"https:\/\/api.w.org\/{rel}","templated":true}]}}